{"id":244,"date":"2014-03-09T20:33:57","date_gmt":"2014-03-09T20:33:57","guid":{"rendered":"http:\/\/seonifty.net\/clients\/img2\/es\/?page_id=244"},"modified":"2014-03-16T16:17:49","modified_gmt":"2014-03-16T16:17:49","slug":"logistica","status":"publish","type":"page","link":"http:\/\/www.imgcommerce.com\/es\/logistica\/","title":{"rendered":"Logistica"},"content":{"rendered":"<pre><div class=\"clearboth\"><\/div><div class=\"demo-sep sep-none\" style=\"margin-top:-60px;\"><\/div><\/pre>\n<h1 style=\"text-align: center;\"><span style=\"color: #003366;\">Distribuidor Autorizado para Latino Am\u00e9rica del Strick Group (Cheetah Chassis, Strick Trailers and Evans Trailers)<\/span><\/h1>\n<pre><div class=\"clearboth\"><\/div><div class=\"demo-sep sep-none\" style=\"margin-top:-20px;\"><\/div><\/pre>\n<p style=\"text-align: center;\"><img loading=\"lazy\" decoding=\"async\" class=\"aligncenter size-full wp-image-4522\" alt=\"cheetah-chassis-logo\" src=\"http:\/\/www.imgcommerce.com\/es\/wp-content\/uploads\/2014\/03\/chassis-portacontenedores-logos.png\" width=\"350\" height=\"44\" \/><\/p>\n<div class=\"clearboth\"><\/div><div class=\"demo-sep sep-shadow\" style=\"margin-top:20px;margin-bottom:20px;\"><\/div>\n<span class=\"dropcap\">U<\/span>sted debe estar seguro y claro que: IMG International Commerce Co, LLC embarcar\u00e1 los chassis u otros equipos que usted compre, usando el mejor sistema de transporte con la tarifa mar\u00edtima o terrestre m\u00e1s econ\u00f3mica, de tal manera que los chassis y equipos llegar\u00e1n al lugar de destino en buenas condiciones y al precio m\u00e1s econ\u00f3mico posible, esto es un compromiso que siempre cumplimos.<\/p>\n<div class=\"flexslider clearfix\" style=\"max-width:100%;height:100%;\"><ul class=\"slides\">\n<li class=\"image\"><img decoding=\"async\" src=\"http:\/\/www.imgcommerce.com\/es\/wp-content\/uploads\/2014\/03\/logistica-1.jpg\" alt=\"\" \/><\/li>\n<li class=\"image\"><img decoding=\"async\" src=\"http:\/\/www.imgcommerce.com\/es\/wp-content\/uploads\/2014\/03\/logistica-2.jpg\" alt=\"\" \/><\/li><\/ul><\/div>\n<div class=\"clearboth\"><\/div><div class=\"demo-sep sep-none\" style=\"margin-top:-10px;\"><\/div>\n<blockquote>\n<h3>Logistica: Nuestro compromiso y garant\u00eda: embarcar el equipo y hacerlo llega en tiempo y buen estado.<\/h3>\n<\/blockquote>\n<p>Movilizar los chassis portacontenedores, dollies, gensets y otros equipos desde nuestros patios en USA   hasta el Puerto de embarque en USA o hasta el Puerto de destino en su pa\u00eds, es una tarea delicada que requiere de profesionalismo.<br \/>\nNosotros somos expertos en esta \u00e1rea, para ello utilizamos los servicios de compa\u00f1\u00edas de log\u00edstica y transporte con experiencia y gente capacitada. Escogeremos el medio de transporte m\u00e1s econ\u00f3mico, sin que eso signifique poner en riesgo a sus equipos. Los movilizaremos por tren, carretera, barco o con un sistema combinado (inter-modal).<\/p>\n<p>Nosotros nos comprometemos a embarcar los chassis portacontenedores u otros equipos que usted nos ha comprado en perfectas condiciones. De tal manera que usted los reciba en su pa\u00eds en excelentes condiciones, sabemos la inversi\u00f3n que usted est\u00e1 haciendo.<br \/>\nUsted debe estar seguro que el precio FOB o CFR cotizado ser\u00e1 calculado con la tarifa de transporte terrestre o mar\u00edtimo m\u00e1s econ\u00f3mico, lo cual significa altos ahorros para usted en los gastos de finales de importaci\u00f3n.<\/p>\n<div class=\"one_third\"><div class=\"accordian\"><\/div>\n<h3><strong>Chassis Trailers<\/strong><\/h3>\n<style type='text\/css'>\n\t#checklist-1 li:before{color:#ffffff !important;  }\n\t<\/style>\n<ul id=\"checklist-1\" class=\"list-icon circle-yes list-icon-arrow\">\n<li>Chassis Porta Contenedores<\/li>\n<li>Chassis Nuevos y Chassis Usados<\/li>\n<li>Todo tipo de Trailers<\/li>\n<\/ul>\n\n<\/div>\n<div class=\"one_third\">\n<div class=\"accordian\">\n<h5 class=\"toggle \"><a href=\"#\"><span class=\"arrow\"><\/span>CHASSIS USADOS<\/a><\/h5><div class=\"toggle-content \" style=\"display: none;\">Todos los Chassis en excelentes condiciones. <a href=\"\/es\/chassis-porta-contenedores-usados\/\/\">Leer M\u00e1s <\/a><\/div>\n<h5 class=\"toggle \"><a href=\"#\"><span class=\"arrow\"><\/span>CHASSIS NUEVOS<\/a><\/h5><div class=\"toggle-content \" style=\"display: none;\">Vendemos y exportamos Chassis Cheetah. <a href=\"\/es\/chassis-porta-contenedores-nuevos\/\">Leer M\u00e1s <\/a><\/div>\n<h5 class=\"toggle \"><a href=\"#\"><span class=\"arrow\"><\/span>INVENTARIO PARA VENTA<\/a><\/h5><div class=\"toggle-content \" style=\"display: none;\">Gran selecci\u00f3n de Chassis listos para trabajar. <a href=\"\/es\/chassis-porta-contenedores\/\">Leer M\u00e1s <\/a><\/div>\n<\/div>\n<\/div>\n<div class=\"one_third last\">\n<p style=\"text-align: center;\"><img loading=\"lazy\" decoding=\"async\" class=\"aligncenter size-full wp-image-3170\" alt=\"final-centro\" src=\"http:\/\/www.imgcommerce.com\/es\/wp-content\/uploads\/2014\/03\/img-commerce-co-llc.jpg\" width=\"704\" height=\"391\" \/><\/p>\n<\/div><div class=\"clearboth\"><\/div>\n<pre><img loading=\"lazy\" decoding=\"async\" class=\"aligncenter size-full wp-image-4721\" alt=\"Generadores-Usados\" src=\"http:\/\/www.imgcommerce.com\/es\/wp-content\/uploads\/2014\/03\/img-portacontenedores-footer.jpg\" width=\"942\" height=\"150\" \/><\/pre>\n<div class=\"clearboth\"><\/div><div class=\"demo-sep sep-none\" style=\"margin-top:-40px;\"><\/div>\n","protected":false},"excerpt":{"rendered":"<p>Distribuidor Autorizado para Latino Am\u00e9rica del Strick Group (Cheetah Chassis, Strick Trailers and Evans Trailers) sted debe estar seguro y claro que: IMG International Commerce Co, LLC embarcar\u00e1 los chassis u otros equipos que usted compre, usando el mejor sistema de transporte con la tarifa mar\u00edtima o terrestre m\u00e1s econ\u00f3mica, de tal manera que los [&hellip;]<\/p>\n","protected":false},"author":2,"featured_media":0,"parent":0,"menu_order":3,"comment_status":"closed","ping_status":"closed","template":"","meta":{"_exactmetrics_skip_tracking":false,"_exactmetrics_sitenote_active":false,"_exactmetrics_sitenote_note":"","_exactmetrics_sitenote_category":0,"footnotes":""},"class_list":["post-244","page","type-page","status-publish","hentry"],"yoast_head":"<!-- This site is optimized with the Yoast SEO plugin v27.4 - https:\/\/yoast.com\/product\/yoast-seo-wordpress\/ -->\n<title>Logistica - IMG International Commerce CO. Exportador Cheetah Chassis<\/title>\n<meta name=\"description\" content=\"Logistica - Distribuidor Autorizado y Exportador de Chassis Porta Contenedores nuevos y usados como Cheetah, Evans y Strick. Venta Chassis usados y nuevos\" \/>\n<meta name=\"robots\" content=\"index, follow, max-snippet:-1, max-image-preview:large, max-video-preview:-1\" \/>\n<link rel=\"canonical\" href=\"https:\/\/www.imgcommerce.com\/es\/logistica\/\" \/>\n<meta property=\"og:locale\" content=\"en_US\" \/>\n<meta property=\"og:type\" content=\"article\" \/>\n<meta property=\"og:title\" content=\"Logistica - IMG International Commerce CO. Exportador Cheetah Chassis\" \/>\n<meta property=\"og:description\" content=\"Logistica - Distribuidor Autorizado y Exportador de Chassis Porta Contenedores nuevos y usados como Cheetah, Evans y Strick. Venta Chassis usados y nuevos\" \/>\n<meta property=\"og:url\" content=\"https:\/\/www.imgcommerce.com\/es\/logistica\/\" \/>\n<meta property=\"og:site_name\" content=\"IMG Commerce ESP\" \/>\n<meta property=\"article:modified_time\" content=\"2014-03-16T16:17:49+00:00\" \/>\n<meta property=\"og:image\" content=\"http:\/\/www.imgcommerce.com\/es\/wp-content\/uploads\/2014\/03\/chassis-portacontenedores-logos.png\" \/>\n<meta name=\"twitter:card\" content=\"summary_large_image\" \/>\n<meta name=\"twitter:label1\" content=\"Est. reading time\" \/>\n\t<meta name=\"twitter:data1\" content=\"2 minutes\" \/>\n<script type=\"application\/ld+json\" class=\"yoast-schema-graph\">{\"@context\":\"https:\\\/\\\/schema.org\",\"@graph\":[{\"@type\":\"WebPage\",\"@id\":\"https:\\\/\\\/www.imgcommerce.com\\\/es\\\/logistica\\\/\",\"url\":\"https:\\\/\\\/www.imgcommerce.com\\\/es\\\/logistica\\\/\",\"name\":\"Logistica - IMG International Commerce CO. Exportador Cheetah Chassis\",\"isPartOf\":{\"@id\":\"https:\\\/\\\/www.imgcommerce.com\\\/es\\\/#website\"},\"primaryImageOfPage\":{\"@id\":\"https:\\\/\\\/www.imgcommerce.com\\\/es\\\/logistica\\\/#primaryimage\"},\"image\":{\"@id\":\"https:\\\/\\\/www.imgcommerce.com\\\/es\\\/logistica\\\/#primaryimage\"},\"thumbnailUrl\":\"http:\\\/\\\/www.imgcommerce.com\\\/es\\\/wp-content\\\/uploads\\\/2014\\\/03\\\/chassis-portacontenedores-logos.png\",\"datePublished\":\"2014-03-09T20:33:57+00:00\",\"dateModified\":\"2014-03-16T16:17:49+00:00\",\"description\":\"Logistica - Distribuidor Autorizado y Exportador de Chassis Porta Contenedores nuevos y usados como Cheetah, Evans y Strick. Venta Chassis usados y nuevos\",\"breadcrumb\":{\"@id\":\"https:\\\/\\\/www.imgcommerce.com\\\/es\\\/logistica\\\/#breadcrumb\"},\"inLanguage\":\"en-US\",\"potentialAction\":[{\"@type\":\"ReadAction\",\"target\":[\"https:\\\/\\\/www.imgcommerce.com\\\/es\\\/logistica\\\/\"]}]},{\"@type\":\"ImageObject\",\"inLanguage\":\"en-US\",\"@id\":\"https:\\\/\\\/www.imgcommerce.com\\\/es\\\/logistica\\\/#primaryimage\",\"url\":\"http:\\\/\\\/www.imgcommerce.com\\\/es\\\/wp-content\\\/uploads\\\/2014\\\/03\\\/chassis-portacontenedores-logos.png\",\"contentUrl\":\"http:\\\/\\\/www.imgcommerce.com\\\/es\\\/wp-content\\\/uploads\\\/2014\\\/03\\\/chassis-portacontenedores-logos.png\",\"width\":480,\"height\":60},{\"@type\":\"BreadcrumbList\",\"@id\":\"https:\\\/\\\/www.imgcommerce.com\\\/es\\\/logistica\\\/#breadcrumb\",\"itemListElement\":[{\"@type\":\"ListItem\",\"position\":1,\"name\":\"Home\",\"item\":\"https:\\\/\\\/www.imgcommerce.com\\\/es\\\/\"},{\"@type\":\"ListItem\",\"position\":2,\"name\":\"Logistica\"}]},{\"@type\":\"WebSite\",\"@id\":\"https:\\\/\\\/www.imgcommerce.com\\\/es\\\/#website\",\"url\":\"https:\\\/\\\/www.imgcommerce.com\\\/es\\\/\",\"name\":\"IMG Commerce ESP\",\"description\":\"\",\"potentialAction\":[{\"@type\":\"SearchAction\",\"target\":{\"@type\":\"EntryPoint\",\"urlTemplate\":\"https:\\\/\\\/www.imgcommerce.com\\\/es\\\/?s={search_term_string}\"},\"query-input\":{\"@type\":\"PropertyValueSpecification\",\"valueRequired\":true,\"valueName\":\"search_term_string\"}}],\"inLanguage\":\"en-US\"}]}<\/script>\n<!-- \/ Yoast SEO plugin. -->","yoast_head_json":{"title":"Logistica - IMG International Commerce CO. Exportador Cheetah Chassis","description":"Logistica - Distribuidor Autorizado y Exportador de Chassis Porta Contenedores nuevos y usados como Cheetah, Evans y Strick. Venta Chassis usados y nuevos","robots":{"index":"index","follow":"follow","max-snippet":"max-snippet:-1","max-image-preview":"max-image-preview:large","max-video-preview":"max-video-preview:-1"},"canonical":"https:\/\/www.imgcommerce.com\/es\/logistica\/","og_locale":"en_US","og_type":"article","og_title":"Logistica - IMG International Commerce CO. Exportador Cheetah Chassis","og_description":"Logistica - Distribuidor Autorizado y Exportador de Chassis Porta Contenedores nuevos y usados como Cheetah, Evans y Strick. Venta Chassis usados y nuevos","og_url":"https:\/\/www.imgcommerce.com\/es\/logistica\/","og_site_name":"IMG Commerce ESP","article_modified_time":"2014-03-16T16:17:49+00:00","og_image":[{"url":"http:\/\/www.imgcommerce.com\/es\/wp-content\/uploads\/2014\/03\/chassis-portacontenedores-logos.png","type":"","width":"","height":""}],"twitter_card":"summary_large_image","twitter_misc":{"Est. reading time":"2 minutes"},"schema":{"@context":"https:\/\/schema.org","@graph":[{"@type":"WebPage","@id":"https:\/\/www.imgcommerce.com\/es\/logistica\/","url":"https:\/\/www.imgcommerce.com\/es\/logistica\/","name":"Logistica - IMG International Commerce CO. Exportador Cheetah Chassis","isPartOf":{"@id":"https:\/\/www.imgcommerce.com\/es\/#website"},"primaryImageOfPage":{"@id":"https:\/\/www.imgcommerce.com\/es\/logistica\/#primaryimage"},"image":{"@id":"https:\/\/www.imgcommerce.com\/es\/logistica\/#primaryimage"},"thumbnailUrl":"http:\/\/www.imgcommerce.com\/es\/wp-content\/uploads\/2014\/03\/chassis-portacontenedores-logos.png","datePublished":"2014-03-09T20:33:57+00:00","dateModified":"2014-03-16T16:17:49+00:00","description":"Logistica - Distribuidor Autorizado y Exportador de Chassis Porta Contenedores nuevos y usados como Cheetah, Evans y Strick. Venta Chassis usados y nuevos","breadcrumb":{"@id":"https:\/\/www.imgcommerce.com\/es\/logistica\/#breadcrumb"},"inLanguage":"en-US","potentialAction":[{"@type":"ReadAction","target":["https:\/\/www.imgcommerce.com\/es\/logistica\/"]}]},{"@type":"ImageObject","inLanguage":"en-US","@id":"https:\/\/www.imgcommerce.com\/es\/logistica\/#primaryimage","url":"http:\/\/www.imgcommerce.com\/es\/wp-content\/uploads\/2014\/03\/chassis-portacontenedores-logos.png","contentUrl":"http:\/\/www.imgcommerce.com\/es\/wp-content\/uploads\/2014\/03\/chassis-portacontenedores-logos.png","width":480,"height":60},{"@type":"BreadcrumbList","@id":"https:\/\/www.imgcommerce.com\/es\/logistica\/#breadcrumb","itemListElement":[{"@type":"ListItem","position":1,"name":"Home","item":"https:\/\/www.imgcommerce.com\/es\/"},{"@type":"ListItem","position":2,"name":"Logistica"}]},{"@type":"WebSite","@id":"https:\/\/www.imgcommerce.com\/es\/#website","url":"https:\/\/www.imgcommerce.com\/es\/","name":"IMG Commerce ESP","description":"","potentialAction":[{"@type":"SearchAction","target":{"@type":"EntryPoint","urlTemplate":"https:\/\/www.imgcommerce.com\/es\/?s={search_term_string}"},"query-input":{"@type":"PropertyValueSpecification","valueRequired":true,"valueName":"search_term_string"}}],"inLanguage":"en-US"}]}},"_links":{"self":[{"href":"http:\/\/www.imgcommerce.com\/es\/wp-json\/wp\/v2\/pages\/244","targetHints":{"allow":["GET"]}}],"collection":[{"href":"http:\/\/www.imgcommerce.com\/es\/wp-json\/wp\/v2\/pages"}],"about":[{"href":"http:\/\/www.imgcommerce.com\/es\/wp-json\/wp\/v2\/types\/page"}],"author":[{"embeddable":true,"href":"http:\/\/www.imgcommerce.com\/es\/wp-json\/wp\/v2\/users\/2"}],"replies":[{"embeddable":true,"href":"http:\/\/www.imgcommerce.com\/es\/wp-json\/wp\/v2\/comments?post=244"}],"version-history":[{"count":0,"href":"http:\/\/www.imgcommerce.com\/es\/wp-json\/wp\/v2\/pages\/244\/revisions"}],"wp:attachment":[{"href":"http:\/\/www.imgcommerce.com\/es\/wp-json\/wp\/v2\/media?parent=244"}],"curies":[{"name":"wp","href":"https:\/\/api.w.org\/{rel}","templated":true}]}}