{"id":246,"date":"2014-03-09T20:34:32","date_gmt":"2014-03-09T20:34:32","guid":{"rendered":"http:\/\/seonifty.net\/clients\/img2\/es\/?page_id=246"},"modified":"2014-03-16T16:20:39","modified_gmt":"2014-03-16T16:20:39","slug":"testimonios","status":"publish","type":"page","link":"http:\/\/www.imgcommerce.com\/es\/testimonios\/","title":{"rendered":"Testimonios"},"content":{"rendered":"<pre><div class=\"clearboth\"><\/div><div class=\"demo-sep sep-none\" style=\"margin-top:-60px;\"><\/div><\/pre>\n<h1 style=\"text-align: center;\"><span style=\"color: #0000ff;\">\u00bfQue dicen nuestros Clientes?<\/span><\/h1>\n<pre><div class=\"clearboth\"><\/div><div class=\"demo-sep sep-none\" style=\"margin-top:-20px;\"><\/div><\/pre>\n<h2 style=\"text-align: center;\">Distribuidor Autorizado para Latino Am\u00e9rica  del Strick Group (Cheetah Chassis, Strick Trailers and Evans Trailers)<\/h2>\n<pre><div class=\"clearboth\"><\/div><div class=\"demo-sep sep-none\" style=\"margin-top:-10px;\"><\/div><\/pre>\n<p style=\"text-align: center;\"><img loading=\"lazy\" decoding=\"async\" class=\"aligncenter size-full wp-image-4522\" alt=\"cheetah-chassis-logo\" src=\"http:\/\/www.imgcommerce.com\/es\/wp-content\/uploads\/2014\/03\/chassis-portacontenedores-logos.png\" width=\"350\" height=\"44\" \/><\/p>\n<div class=\"clearboth\"><\/div><div class=\"demo-sep sep-shadow\" style=\"margin-top:20px;margin-bottom:20px;\"><\/div>\n<span class=\"dropcap\">IMG<\/span><strong>International Commerce Co,<\/strong> International Commerce Co, is proud to conduct business on a professional and honest way. We do not play games with our customers, we comply with our promises.  Please read the below statements, what our customer have told us:<\/p>\n<p style=\"text-align: center;\">\u00a0<img loading=\"lazy\" decoding=\"async\" class=\"aligncenter size-full wp-image-4361\" alt=\"testimonials\" src=\"http:\/\/www.imgcommerce.com\/es\/wp-content\/uploads\/2014\/03\/testimonios.jpg\" width=\"630\" height=\"348\" \/><\/p>\n<div class=\"one_half\">\n<h2><strong><span style=\"color: #0000ff;\">Rep\u00fablica Dominicana<\/span><\/strong><\/h2>\n<p>Los chassis de 40 pies llegaron muy bien, necesitamos 12 chassis de 20 pies el pr\u00f3ximo mes, me comunicare con ustedes para concretar esta nueva importaci\u00f3n.<br \/>\n<strong>TH- Rio Haina-Republica Dominicana.<\/strong><\/p>\n<hr \/>\n<h2><strong><span style=\"color: #0000ff;\">Venezuela<\/span><\/strong><\/h2>\n<p>Gracias por su cordialidad durante mi visita a Miami, hemos recibido los chassis nuevos tal y como hab\u00edamos acordado, pondremos otra orden en tres meses&#8230;<br \/>\n<strong>NC &#8211; La Guaira-Venezuela.<\/strong><\/p>\n<hr \/>\n<h2><strong><span style=\"color: #0000ff;\">Costa Rica<\/span><\/strong><\/h2>\n<p>Amigo, los 25 chassis de 40 pies extensibles est\u00e1n muy bien, mis socios est\u00e1n contentos, por favor av\u00edsenme si todo est\u00e1 listo para el embarque de 10 chassis de 20 pies&#8230;<br \/>\n<strong>EA &#8211; San Antonio-Chile.<\/strong><\/p>\n<hr \/>\n<h2><strong><span style=\"color: #0000ff;\">Honduras<\/span><\/strong><\/h2>\n<p>Me sorprend\u00ed del inventario grande que tienen en Miami. Los chassis llegaron a Puerto Cortes en excelentes condiciones, los documentos llegaron hace dos d\u00edas, gracias por su gran servicio&#8230;<strong>AZ &#8211; Puerto Cortes, Honduras<\/strong><\/p>\n<hr \/>\n<h2><strong><span style=\"color: #0000ff;\">Per\u00fa<\/span><\/strong><\/h2>\n<p>Me fui a Miami a comprar a otra compa\u00f1\u00eda y termine comprando a IMG International, estoy contento de haberlo hecho, los equipos est\u00e1n como nuevos&#8230;<br \/>\n<strong>FF \u2013 Callao, Per\u00fa.<\/strong><br \/>\n<\/div>\n<div class=\"one_half last\">\n<h2><strong><span style=\"color: #0000ff;\">Chile<\/span><\/strong><\/h2>\n<p>Sres. IMG International la seriedad y cumplimiento es muy importante, los chassis llegaron fant\u00e1sticos&#8230;<br \/>\n<strong>TH- Rio Haina-Republica Dominicana.<\/strong><\/p>\n<p>Estimados IMG International Commerce los gensets est\u00e1n bien, el contenedor llego sin novedades, ya instalamos a los chassis y est\u00e1n trabajando desde ayer. Mil gracias por su incre\u00edble servicio. <strong>JA &#8211; Iquique-Chile.<\/strong><\/p>\n<p>Voy a necesitar otros cinco chassis de 40 pies y 5 ejes adicionales, \u00bfpodr\u00edan ustedes embarcar en el siguiente barco?  Av\u00edsenme por favor para enviarles la remesa&#8230;<br \/>\n<strong>CF-Talcahuano-Chile.<\/strong><\/p>\n<hr \/>\n<h2><strong><span style=\"color: #0000ff;\">M\u00e9xico<\/span><\/strong><\/h2>\n<p>Te agradezco por tu gran servicio los 15 portacontenedores est\u00e1n bonitos y en muy buenas condiciones, recuerda que en dos semanas voy a fincar otra orden&#8230;<br \/>\n<strong>FC &#8211; Guanajuato, M\u00e9xico.<\/strong><\/p>\n<p>Me gusta hacer negocios con compa\u00f1\u00edas serias como ustedes, al inicio dude de enviar mi dinero como prepago, pero ahora s\u00e9 que todav\u00eda hay compa\u00f1\u00edas honestas&#8230;los portas est\u00e1n muy bien.<br \/>\n<strong>GQ \u2013 Michoacan, M\u00e9xico.<\/strong><\/p>\n<p>Nuevamente le molesto por 10 portacontenedores m\u00e1s, por favor que sean en las mismas condiciones a los despachados el mes pasado.<br \/>\n<strong>HN- Veracruz, M\u00e9xico.<\/strong><\/p>\n<\/div><div class=\"clearboth\"><\/div>\n<span class=\"dropcap\">N<\/span>os gustar\u00eda incluir todos los testimonios recibidos, pero necesitar\u00edamos algunas p\u00e1ginas.<br \/>\n<strong>IMG International  Commerce Co, LLC<\/strong> respeta la privacidad de los nombres y compa\u00f1\u00edas de nuestros clientes, si alg\u00fan cliente nuevo necesita referencias, estaremos gustosos de proveerlas ya que tenemos permiso de algunos de nuestros clientes.<\/p>\n<div class=\"one_third\"><div class=\"accordian\"><\/div>\n<h3><strong>Chassis Trailers<\/strong><\/h3>\n<style type='text\/css'>\n\t#checklist-1 li:before{color:#ffffff !important;  }\n\t<\/style>\n<ul id=\"checklist-1\" class=\"list-icon circle-yes list-icon-arrow\">\n<li>Chassis Porta Contenedores<\/li>\n<li>Chassis Nuevos y Chassis Usados<\/li>\n<li>Todo tipo de Trailers<\/li>\n<\/ul>\n\n<\/div>\n<div class=\"one_third\">\n<div class=\"accordian\">\n<h5 class=\"toggle \"><a href=\"#\"><span class=\"arrow\"><\/span>CHASSIS USADOS<\/a><\/h5><div class=\"toggle-content \" style=\"display: none;\">Todos los Chassis en excelentes condiciones. <a href=\"\/es\/chassis-porta-contenedores-usados\/\/\">Leer M\u00e1s <\/a><\/div>\n<h5 class=\"toggle \"><a href=\"#\"><span class=\"arrow\"><\/span>CHASSIS NUEVOS<\/a><\/h5><div class=\"toggle-content \" style=\"display: none;\">Vendemos y exportamos Chassis Cheetah. <a href=\"\/es\/chassis-porta-contenedores-nuevos\/\">Leer M\u00e1s <\/a><\/div>\n<h5 class=\"toggle \"><a href=\"#\"><span class=\"arrow\"><\/span>INVENTARIO PARA VENTA<\/a><\/h5><div class=\"toggle-content \" style=\"display: none;\">Gran selecci\u00f3n de Chassis listos para trabajar. <a href=\"\/es\/chassis-porta-contenedores\/\">Leer M\u00e1s <\/a><\/div>\n<\/div>\n<\/div>\n<div class=\"one_third last\">\n<p style=\"text-align: center;\"><img loading=\"lazy\" decoding=\"async\" class=\"aligncenter size-full wp-image-3170\" alt=\"final-centro\" src=\"http:\/\/www.imgcommerce.com\/es\/wp-content\/uploads\/2014\/03\/img-commerce-co-llc.jpg\" width=\"704\" height=\"391\" \/><\/p>\n<\/div><div class=\"clearboth\"><\/div>\n<pre><img loading=\"lazy\" decoding=\"async\" class=\"aligncenter size-full wp-image-4721\" alt=\"Generadores-Usados\" src=\"http:\/\/www.imgcommerce.com\/es\/wp-content\/uploads\/2014\/03\/img-portacontenedores-footer.jpg\" width=\"942\" height=\"150\" \/><\/pre>\n<div class=\"clearboth\"><\/div><div class=\"demo-sep sep-none\" style=\"margin-top:-40px;\"><\/div>\n","protected":false},"excerpt":{"rendered":"<p>\u00bfQue dicen nuestros Clientes? Distribuidor Autorizado para Latino Am\u00e9rica del Strick Group (Cheetah Chassis, Strick Trailers and Evans Trailers) International Commerce Co, International Commerce Co, is proud to conduct business on a professional and honest way. We do not play games with our customers, we comply with our promises. Please read the below statements, what [&hellip;]<\/p>\n","protected":false},"author":2,"featured_media":0,"parent":0,"menu_order":4,"comment_status":"closed","ping_status":"closed","template":"","meta":{"_exactmetrics_skip_tracking":false,"_exactmetrics_sitenote_active":false,"_exactmetrics_sitenote_note":"","_exactmetrics_sitenote_category":0,"footnotes":""},"class_list":["post-246","page","type-page","status-publish","hentry"],"yoast_head":"<!-- This site is optimized with the Yoast SEO plugin v27.4 - https:\/\/yoast.com\/product\/yoast-seo-wordpress\/ -->\n<title>Testimonios - IMG International Commerce CO. Venta de Cheetah Chassis<\/title>\n<meta name=\"description\" content=\"Testimonios - Distribuidor Autorizado y Exportador de Chassis Porta Contenedores nuevos y usados como Cheetah, Evans y Strick. Venta Cheetah Chassis usados\" \/>\n<meta name=\"robots\" content=\"index, follow, max-snippet:-1, max-image-preview:large, max-video-preview:-1\" \/>\n<link rel=\"canonical\" href=\"http:\/\/www.imgcommerce.com\/es\/testimonios\/\" \/>\n<meta property=\"og:locale\" content=\"en_US\" \/>\n<meta property=\"og:type\" content=\"article\" \/>\n<meta property=\"og:title\" content=\"Testimonios - IMG International Commerce CO. Venta de Cheetah Chassis\" \/>\n<meta property=\"og:description\" content=\"Testimonios - Distribuidor Autorizado y Exportador de Chassis Porta Contenedores nuevos y usados como Cheetah, Evans y Strick. Venta Cheetah Chassis usados\" \/>\n<meta property=\"og:url\" content=\"http:\/\/www.imgcommerce.com\/es\/testimonios\/\" \/>\n<meta property=\"og:site_name\" content=\"IMG Commerce ESP\" \/>\n<meta property=\"article:modified_time\" content=\"2014-03-16T16:20:39+00:00\" \/>\n<meta property=\"og:image\" content=\"http:\/\/www.imgcommerce.com\/es\/wp-content\/uploads\/2014\/03\/chassis-portacontenedores-logos.png\" \/>\n<meta name=\"twitter:card\" content=\"summary_large_image\" \/>\n<meta name=\"twitter:label1\" content=\"Est. reading time\" \/>\n\t<meta name=\"twitter:data1\" content=\"3 minutes\" \/>\n<script type=\"application\/ld+json\" class=\"yoast-schema-graph\">{\"@context\":\"https:\\\/\\\/schema.org\",\"@graph\":[{\"@type\":\"WebPage\",\"@id\":\"http:\\\/\\\/www.imgcommerce.com\\\/es\\\/testimonios\\\/\",\"url\":\"http:\\\/\\\/www.imgcommerce.com\\\/es\\\/testimonios\\\/\",\"name\":\"Testimonios - IMG International Commerce CO. Venta de Cheetah Chassis\",\"isPartOf\":{\"@id\":\"https:\\\/\\\/www.imgcommerce.com\\\/es\\\/#website\"},\"primaryImageOfPage\":{\"@id\":\"http:\\\/\\\/www.imgcommerce.com\\\/es\\\/testimonios\\\/#primaryimage\"},\"image\":{\"@id\":\"http:\\\/\\\/www.imgcommerce.com\\\/es\\\/testimonios\\\/#primaryimage\"},\"thumbnailUrl\":\"http:\\\/\\\/www.imgcommerce.com\\\/es\\\/wp-content\\\/uploads\\\/2014\\\/03\\\/chassis-portacontenedores-logos.png\",\"datePublished\":\"2014-03-09T20:34:32+00:00\",\"dateModified\":\"2014-03-16T16:20:39+00:00\",\"description\":\"Testimonios - Distribuidor Autorizado y Exportador de Chassis Porta Contenedores nuevos y usados como Cheetah, Evans y Strick. Venta Cheetah Chassis usados\",\"breadcrumb\":{\"@id\":\"http:\\\/\\\/www.imgcommerce.com\\\/es\\\/testimonios\\\/#breadcrumb\"},\"inLanguage\":\"en-US\",\"potentialAction\":[{\"@type\":\"ReadAction\",\"target\":[\"http:\\\/\\\/www.imgcommerce.com\\\/es\\\/testimonios\\\/\"]}]},{\"@type\":\"ImageObject\",\"inLanguage\":\"en-US\",\"@id\":\"http:\\\/\\\/www.imgcommerce.com\\\/es\\\/testimonios\\\/#primaryimage\",\"url\":\"http:\\\/\\\/www.imgcommerce.com\\\/es\\\/wp-content\\\/uploads\\\/2014\\\/03\\\/chassis-portacontenedores-logos.png\",\"contentUrl\":\"http:\\\/\\\/www.imgcommerce.com\\\/es\\\/wp-content\\\/uploads\\\/2014\\\/03\\\/chassis-portacontenedores-logos.png\",\"width\":480,\"height\":60},{\"@type\":\"BreadcrumbList\",\"@id\":\"http:\\\/\\\/www.imgcommerce.com\\\/es\\\/testimonios\\\/#breadcrumb\",\"itemListElement\":[{\"@type\":\"ListItem\",\"position\":1,\"name\":\"Home\",\"item\":\"https:\\\/\\\/www.imgcommerce.com\\\/es\\\/\"},{\"@type\":\"ListItem\",\"position\":2,\"name\":\"Testimonios\"}]},{\"@type\":\"WebSite\",\"@id\":\"https:\\\/\\\/www.imgcommerce.com\\\/es\\\/#website\",\"url\":\"https:\\\/\\\/www.imgcommerce.com\\\/es\\\/\",\"name\":\"IMG Commerce ESP\",\"description\":\"\",\"potentialAction\":[{\"@type\":\"SearchAction\",\"target\":{\"@type\":\"EntryPoint\",\"urlTemplate\":\"https:\\\/\\\/www.imgcommerce.com\\\/es\\\/?s={search_term_string}\"},\"query-input\":{\"@type\":\"PropertyValueSpecification\",\"valueRequired\":true,\"valueName\":\"search_term_string\"}}],\"inLanguage\":\"en-US\"}]}<\/script>\n<!-- \/ Yoast SEO plugin. -->","yoast_head_json":{"title":"Testimonios - IMG International Commerce CO. Venta de Cheetah Chassis","description":"Testimonios - Distribuidor Autorizado y Exportador de Chassis Porta Contenedores nuevos y usados como Cheetah, Evans y Strick. Venta Cheetah Chassis usados","robots":{"index":"index","follow":"follow","max-snippet":"max-snippet:-1","max-image-preview":"max-image-preview:large","max-video-preview":"max-video-preview:-1"},"canonical":"http:\/\/www.imgcommerce.com\/es\/testimonios\/","og_locale":"en_US","og_type":"article","og_title":"Testimonios - IMG International Commerce CO. Venta de Cheetah Chassis","og_description":"Testimonios - Distribuidor Autorizado y Exportador de Chassis Porta Contenedores nuevos y usados como Cheetah, Evans y Strick. Venta Cheetah Chassis usados","og_url":"http:\/\/www.imgcommerce.com\/es\/testimonios\/","og_site_name":"IMG Commerce ESP","article_modified_time":"2014-03-16T16:20:39+00:00","og_image":[{"url":"http:\/\/www.imgcommerce.com\/es\/wp-content\/uploads\/2014\/03\/chassis-portacontenedores-logos.png","type":"","width":"","height":""}],"twitter_card":"summary_large_image","twitter_misc":{"Est. reading time":"3 minutes"},"schema":{"@context":"https:\/\/schema.org","@graph":[{"@type":"WebPage","@id":"http:\/\/www.imgcommerce.com\/es\/testimonios\/","url":"http:\/\/www.imgcommerce.com\/es\/testimonios\/","name":"Testimonios - IMG International Commerce CO. Venta de Cheetah Chassis","isPartOf":{"@id":"https:\/\/www.imgcommerce.com\/es\/#website"},"primaryImageOfPage":{"@id":"http:\/\/www.imgcommerce.com\/es\/testimonios\/#primaryimage"},"image":{"@id":"http:\/\/www.imgcommerce.com\/es\/testimonios\/#primaryimage"},"thumbnailUrl":"http:\/\/www.imgcommerce.com\/es\/wp-content\/uploads\/2014\/03\/chassis-portacontenedores-logos.png","datePublished":"2014-03-09T20:34:32+00:00","dateModified":"2014-03-16T16:20:39+00:00","description":"Testimonios - Distribuidor Autorizado y Exportador de Chassis Porta Contenedores nuevos y usados como Cheetah, Evans y Strick. Venta Cheetah Chassis usados","breadcrumb":{"@id":"http:\/\/www.imgcommerce.com\/es\/testimonios\/#breadcrumb"},"inLanguage":"en-US","potentialAction":[{"@type":"ReadAction","target":["http:\/\/www.imgcommerce.com\/es\/testimonios\/"]}]},{"@type":"ImageObject","inLanguage":"en-US","@id":"http:\/\/www.imgcommerce.com\/es\/testimonios\/#primaryimage","url":"http:\/\/www.imgcommerce.com\/es\/wp-content\/uploads\/2014\/03\/chassis-portacontenedores-logos.png","contentUrl":"http:\/\/www.imgcommerce.com\/es\/wp-content\/uploads\/2014\/03\/chassis-portacontenedores-logos.png","width":480,"height":60},{"@type":"BreadcrumbList","@id":"http:\/\/www.imgcommerce.com\/es\/testimonios\/#breadcrumb","itemListElement":[{"@type":"ListItem","position":1,"name":"Home","item":"https:\/\/www.imgcommerce.com\/es\/"},{"@type":"ListItem","position":2,"name":"Testimonios"}]},{"@type":"WebSite","@id":"https:\/\/www.imgcommerce.com\/es\/#website","url":"https:\/\/www.imgcommerce.com\/es\/","name":"IMG Commerce ESP","description":"","potentialAction":[{"@type":"SearchAction","target":{"@type":"EntryPoint","urlTemplate":"https:\/\/www.imgcommerce.com\/es\/?s={search_term_string}"},"query-input":{"@type":"PropertyValueSpecification","valueRequired":true,"valueName":"search_term_string"}}],"inLanguage":"en-US"}]}},"_links":{"self":[{"href":"http:\/\/www.imgcommerce.com\/es\/wp-json\/wp\/v2\/pages\/246","targetHints":{"allow":["GET"]}}],"collection":[{"href":"http:\/\/www.imgcommerce.com\/es\/wp-json\/wp\/v2\/pages"}],"about":[{"href":"http:\/\/www.imgcommerce.com\/es\/wp-json\/wp\/v2\/types\/page"}],"author":[{"embeddable":true,"href":"http:\/\/www.imgcommerce.com\/es\/wp-json\/wp\/v2\/users\/2"}],"replies":[{"embeddable":true,"href":"http:\/\/www.imgcommerce.com\/es\/wp-json\/wp\/v2\/comments?post=246"}],"version-history":[{"count":0,"href":"http:\/\/www.imgcommerce.com\/es\/wp-json\/wp\/v2\/pages\/246\/revisions"}],"wp:attachment":[{"href":"http:\/\/www.imgcommerce.com\/es\/wp-json\/wp\/v2\/media?parent=246"}],"curies":[{"name":"wp","href":"https:\/\/api.w.org\/{rel}","templated":true}]}}