{"id":248,"date":"2014-03-09T20:35:00","date_gmt":"2014-03-09T20:35:00","guid":{"rendered":"http:\/\/seonifty.net\/clients\/img2\/es\/?page_id=248"},"modified":"2014-03-16T16:20:04","modified_gmt":"2014-03-16T16:20:04","slug":"proceso-de-compra","status":"publish","type":"page","link":"http:\/\/www.imgcommerce.com\/es\/proceso-de-compra\/","title":{"rendered":"Proceso De Compra"},"content":{"rendered":"<pre><div class=\"clearboth\"><\/div><div class=\"demo-sep sep-none\" style=\"margin-top:-60px;\"><\/div><\/pre>\n<h1 style=\"text-align: center;\"><span style=\"color: #0000ff;\">Proceso A Seguir En La Compra.<\/span><\/h1>\n<pre><div class=\"clearboth\"><\/div><div class=\"demo-sep sep-none\" style=\"margin-top:-20px;\"><\/div><\/pre>\n<h2 style=\"text-align: center;\">Distribuidor Autorizado para Latino Am\u00e9rica del Strick Group (Cheetah Chassis, Strick Trailers and Evans Trailers)<\/h2>\n<pre><div class=\"clearboth\"><\/div><div class=\"demo-sep sep-none\" style=\"margin-top:-10px;\"><\/div><\/pre>\n<p style=\"text-align: center;\"><img loading=\"lazy\" decoding=\"async\" class=\"aligncenter size-full wp-image-4522\" alt=\"cheetah-chassis-logo\" src=\"http:\/\/www.imgcommerce.com\/es\/wp-content\/uploads\/2014\/03\/chassis-portacontenedores-logos.png\" width=\"350\" height=\"44\" \/><\/p>\n<div class=\"clearboth\"><\/div><div class=\"demo-sep sep-shadow\" style=\"margin-top:20px;margin-bottom:20px;\"><\/div>\n<div class=\"flexslider clearfix\" style=\"max-width:100%;height:100%;\"><ul class=\"slides\">\n<li class=\"image\"><img decoding=\"async\" src=\"http:\/\/www.imgcommerce.com\/es\/wp-content\/uploads\/2014\/03\/proceso-de-compra-1.jpg\" alt=\"\" \/><\/li>\n<li class=\"image\"><img decoding=\"async\" src=\"http:\/\/www.imgcommerce.com\/es\/wp-content\/uploads\/2014\/03\/proceso-de-compra-2.jpg\" alt=\"\" \/><\/li><\/ul><\/div>\n<div class=\"clearboth\"><\/div><div class=\"demo-sep sep-none\" style=\"margin-top:-30px;\"><\/div>\n<p><strong>Proceso De Compra<\/strong>: Proceso a seguir durante la Compra de Chassis Porta Contenedores, Gensets, Dollies, Plataformas, Cajas Secas, Ejes, Trailer Refrigerado, y otros equipos de transporte Intermodal. Asumiendo que el cliente esta fuera de Estados Unidos.<\/p>\n<blockquote><p>Su solicitud de cotizaci\u00f3n la recibiremos v\u00eda correo electr\u00f3nico, tel\u00e9fono o fax.<\/p><\/blockquote>\n<h2 style=\"text-align: center;\"><strong><span style=\"color: #0000ff;\">Que le ofrecemos:<\/span><\/strong><\/h2>\n<p><span style=\"color: #000000;\"><span style=\"color: #0000ff;\"><strong>1.<\/strong><\/span> Le enviaremos una cotizaci\u00f3n con todos los detalles espec\u00edficos y fotos de los chassis, trailers o equipo que est\u00e9 interesado en comprar.<br \/>\n<span style=\"color: #000000;\"><span style=\"color: #0000ff;\"><strong>2.<\/strong><\/span> La Cotizaci\u00f3n ser\u00e1 en d\u00f3lares americanos, indicando el precio \u201cFOB\u201d en el Puerto de embarque en Estados Unidos m\u00e1s conveniente.<\/span><\/span><\/p>\n<blockquote><p><strong>FOB<\/strong>:Free on board. Que significa Precio en el Puerto de embarque de Estados Unidos.<\/p><\/blockquote>\n<p><span style=\"color: #000000;\"><span style=\"color: #0000ff;\"><strong>3.<\/strong><\/span> Si usted prefiere, nosotros podemos hacer absolutamente de todo el tr\u00e1mite de exportaci\u00f3n y embarque desde USA, es decir podemos incluso pagar el embarque mar\u00edtimo, entonces nuestra cotizaci\u00f3n ser\u00e1 valor \u201cCFR\u201d en el Puerto de su pa\u00eds.<\/span><\/p>\n<blockquote><p><strong>CFR<\/strong>: Cost and Freight. Que significa Precio Fob de la mercader\u00eda mas el valor del flete mar\u00edtimo.<\/p><\/blockquote>\n<p><span style=\"color: #000000;\"><span style=\"color: #0000ff;\"><strong>4.<\/strong><\/span> Forma de pago. Todas las ventas ser\u00e1n pagadas anticipadamente, a trav\u00e9s de transferencia bancaria directamente a nuestra cuenta en un banco en USA. Solo despu\u00e9s de recibir el pago total entregaremos los chassis o equipos a la naviera en USA.<\/span><\/p>\n<p><span style=\"color: #000000;\"><span style=\"color: #0000ff;\"><strong>5.<\/strong><\/span>Una vez realizado el embarque enviaremos v\u00eda Courier UPS, DHL, FedEx, etc. los documentos originales de embarque; los cuales le permitir\u00e1n retirar el equipo de la aduana en su pa\u00eds.<br \/>\n<div class=\"one_third\"><div class=\"accordian\"><\/div><\/span><\/p>\n<h3><strong>Chassis Trailers<\/strong><\/h3>\n<style type='text\/css'>\n\t#checklist-1 li:before{color:#ffffff !important;  }\n\t<\/style>\n<ul id=\"checklist-1\" class=\"list-icon circle-yes list-icon-arrow\">\n<li>Chassis Porta Contenedores<\/li>\n<li>Chassis Nuevos y Chassis Usados<\/li>\n<li>Todo tipo de Trailers<\/li>\n<\/ul>\n\n<\/div>\n<div class=\"one_third\">\n<div class=\"accordian\">\n<h5 class=\"toggle \"><a href=\"#\"><span class=\"arrow\"><\/span>CHASSIS USADOS<\/a><\/h5><div class=\"toggle-content \" style=\"display: none;\">Todos los Chassis en excelentes condiciones. <a href=\"\/es\/chassis-porta-contenedores-usados\/\/\">Leer M\u00e1s <\/a><\/div>\n<h5 class=\"toggle \"><a href=\"#\"><span class=\"arrow\"><\/span>CHASSIS NUEVOS<\/a><\/h5><div class=\"toggle-content \" style=\"display: none;\">Vendemos y exportamos Chassis Cheetah. <a href=\"\/es\/chassis-porta-contenedores-nuevos\/\">Leer M\u00e1s <\/a><\/div>\n<h5 class=\"toggle \"><a href=\"#\"><span class=\"arrow\"><\/span>INVENTARIO PARA VENTA<\/a><\/h5><div class=\"toggle-content \" style=\"display: none;\">Gran selecci\u00f3n de Chassis listos para trabajar. <a href=\"\/es\/chassis-porta-contenedores\/\">Leer M\u00e1s <\/a><\/div>\n<\/div>\n<\/div>\n<div class=\"one_third last\">\n<p style=\"text-align: center;\"><img loading=\"lazy\" decoding=\"async\" class=\"aligncenter size-full wp-image-3170\" alt=\"final-centro\" src=\"http:\/\/www.imgcommerce.com\/es\/wp-content\/uploads\/2014\/03\/img-commerce-co-llc.jpg\" width=\"704\" height=\"391\" \/><\/p>\n<\/div><div class=\"clearboth\"><\/div>\n<pre><img loading=\"lazy\" decoding=\"async\" class=\"aligncenter size-full wp-image-4721\" alt=\"Generadores-Usados\" src=\"http:\/\/www.imgcommerce.com\/es\/wp-content\/uploads\/2014\/03\/img-portacontenedores-footer.jpg\" width=\"942\" height=\"150\" \/><\/pre>\n<div class=\"clearboth\"><\/div><div class=\"demo-sep sep-none\" style=\"margin-top:-40px;\"><\/div>\n","protected":false},"excerpt":{"rendered":"<p>Proceso A Seguir En La Compra. Distribuidor Autorizado para Latino Am\u00e9rica del Strick Group (Cheetah Chassis, Strick Trailers and Evans Trailers) Proceso De Compra: Proceso a seguir durante la Compra de Chassis Porta Contenedores, Gensets, Dollies, Plataformas, Cajas Secas, Ejes, Trailer Refrigerado, y otros equipos de transporte Intermodal. Asumiendo que el cliente esta fuera de [&hellip;]<\/p>\n","protected":false},"author":2,"featured_media":0,"parent":0,"menu_order":5,"comment_status":"closed","ping_status":"closed","template":"","meta":{"_exactmetrics_skip_tracking":false,"_exactmetrics_sitenote_active":false,"_exactmetrics_sitenote_note":"","_exactmetrics_sitenote_category":0,"footnotes":""},"class_list":["post-248","page","type-page","status-publish","hentry"],"yoast_head":"<!-- This site is optimized with the Yoast SEO plugin v27.4 - https:\/\/yoast.com\/product\/yoast-seo-wordpress\/ -->\n<title>Proceso De Compra - IMG International Commerce CO. venta Chassis usado<\/title>\n<meta name=\"description\" content=\"Proceso De Compra - Distribuidor Autorizado y Exportador de Chassis Porta Contenedores nuevos y usados como Cheetah, Evans y Strick. Venta Chassis usados\" \/>\n<meta name=\"robots\" content=\"index, follow, max-snippet:-1, max-image-preview:large, max-video-preview:-1\" \/>\n<link rel=\"canonical\" href=\"https:\/\/www.imgcommerce.com\/es\/proceso-de-compra\/\" \/>\n<meta property=\"og:locale\" content=\"en_US\" \/>\n<meta property=\"og:type\" content=\"article\" \/>\n<meta property=\"og:title\" content=\"Proceso De Compra - IMG International Commerce CO. venta Chassis usado\" \/>\n<meta property=\"og:description\" content=\"Proceso De Compra - Distribuidor Autorizado y Exportador de Chassis Porta Contenedores nuevos y usados como Cheetah, Evans y Strick. Venta Chassis usados\" \/>\n<meta property=\"og:url\" content=\"https:\/\/www.imgcommerce.com\/es\/proceso-de-compra\/\" \/>\n<meta property=\"og:site_name\" content=\"IMG Commerce ESP\" \/>\n<meta property=\"article:modified_time\" content=\"2014-03-16T16:20:04+00:00\" \/>\n<meta property=\"og:image\" content=\"http:\/\/www.imgcommerce.com\/es\/wp-content\/uploads\/2014\/03\/chassis-portacontenedores-logos.png\" \/>\n<meta name=\"twitter:card\" content=\"summary_large_image\" \/>\n<meta name=\"twitter:label1\" content=\"Est. reading time\" \/>\n\t<meta name=\"twitter:data1\" content=\"2 minutes\" \/>\n<script type=\"application\/ld+json\" class=\"yoast-schema-graph\">{\"@context\":\"https:\\\/\\\/schema.org\",\"@graph\":[{\"@type\":\"WebPage\",\"@id\":\"https:\\\/\\\/www.imgcommerce.com\\\/es\\\/proceso-de-compra\\\/\",\"url\":\"https:\\\/\\\/www.imgcommerce.com\\\/es\\\/proceso-de-compra\\\/\",\"name\":\"Proceso De Compra - IMG International Commerce CO. venta Chassis usado\",\"isPartOf\":{\"@id\":\"https:\\\/\\\/www.imgcommerce.com\\\/es\\\/#website\"},\"primaryImageOfPage\":{\"@id\":\"https:\\\/\\\/www.imgcommerce.com\\\/es\\\/proceso-de-compra\\\/#primaryimage\"},\"image\":{\"@id\":\"https:\\\/\\\/www.imgcommerce.com\\\/es\\\/proceso-de-compra\\\/#primaryimage\"},\"thumbnailUrl\":\"http:\\\/\\\/www.imgcommerce.com\\\/es\\\/wp-content\\\/uploads\\\/2014\\\/03\\\/chassis-portacontenedores-logos.png\",\"datePublished\":\"2014-03-09T20:35:00+00:00\",\"dateModified\":\"2014-03-16T16:20:04+00:00\",\"description\":\"Proceso De Compra - Distribuidor Autorizado y Exportador de Chassis Porta Contenedores nuevos y usados como Cheetah, Evans y Strick. Venta Chassis usados\",\"breadcrumb\":{\"@id\":\"https:\\\/\\\/www.imgcommerce.com\\\/es\\\/proceso-de-compra\\\/#breadcrumb\"},\"inLanguage\":\"en-US\",\"potentialAction\":[{\"@type\":\"ReadAction\",\"target\":[\"https:\\\/\\\/www.imgcommerce.com\\\/es\\\/proceso-de-compra\\\/\"]}]},{\"@type\":\"ImageObject\",\"inLanguage\":\"en-US\",\"@id\":\"https:\\\/\\\/www.imgcommerce.com\\\/es\\\/proceso-de-compra\\\/#primaryimage\",\"url\":\"http:\\\/\\\/www.imgcommerce.com\\\/es\\\/wp-content\\\/uploads\\\/2014\\\/03\\\/chassis-portacontenedores-logos.png\",\"contentUrl\":\"http:\\\/\\\/www.imgcommerce.com\\\/es\\\/wp-content\\\/uploads\\\/2014\\\/03\\\/chassis-portacontenedores-logos.png\",\"width\":480,\"height\":60},{\"@type\":\"BreadcrumbList\",\"@id\":\"https:\\\/\\\/www.imgcommerce.com\\\/es\\\/proceso-de-compra\\\/#breadcrumb\",\"itemListElement\":[{\"@type\":\"ListItem\",\"position\":1,\"name\":\"Home\",\"item\":\"https:\\\/\\\/www.imgcommerce.com\\\/es\\\/\"},{\"@type\":\"ListItem\",\"position\":2,\"name\":\"Proceso De Compra\"}]},{\"@type\":\"WebSite\",\"@id\":\"https:\\\/\\\/www.imgcommerce.com\\\/es\\\/#website\",\"url\":\"https:\\\/\\\/www.imgcommerce.com\\\/es\\\/\",\"name\":\"IMG Commerce ESP\",\"description\":\"\",\"potentialAction\":[{\"@type\":\"SearchAction\",\"target\":{\"@type\":\"EntryPoint\",\"urlTemplate\":\"https:\\\/\\\/www.imgcommerce.com\\\/es\\\/?s={search_term_string}\"},\"query-input\":{\"@type\":\"PropertyValueSpecification\",\"valueRequired\":true,\"valueName\":\"search_term_string\"}}],\"inLanguage\":\"en-US\"}]}<\/script>\n<!-- \/ Yoast SEO plugin. -->","yoast_head_json":{"title":"Proceso De Compra - IMG International Commerce CO. venta Chassis usado","description":"Proceso De Compra - Distribuidor Autorizado y Exportador de Chassis Porta Contenedores nuevos y usados como Cheetah, Evans y Strick. Venta Chassis usados","robots":{"index":"index","follow":"follow","max-snippet":"max-snippet:-1","max-image-preview":"max-image-preview:large","max-video-preview":"max-video-preview:-1"},"canonical":"https:\/\/www.imgcommerce.com\/es\/proceso-de-compra\/","og_locale":"en_US","og_type":"article","og_title":"Proceso De Compra - IMG International Commerce CO. venta Chassis usado","og_description":"Proceso De Compra - Distribuidor Autorizado y Exportador de Chassis Porta Contenedores nuevos y usados como Cheetah, Evans y Strick. Venta Chassis usados","og_url":"https:\/\/www.imgcommerce.com\/es\/proceso-de-compra\/","og_site_name":"IMG Commerce ESP","article_modified_time":"2014-03-16T16:20:04+00:00","og_image":[{"url":"http:\/\/www.imgcommerce.com\/es\/wp-content\/uploads\/2014\/03\/chassis-portacontenedores-logos.png","type":"","width":"","height":""}],"twitter_card":"summary_large_image","twitter_misc":{"Est. reading time":"2 minutes"},"schema":{"@context":"https:\/\/schema.org","@graph":[{"@type":"WebPage","@id":"https:\/\/www.imgcommerce.com\/es\/proceso-de-compra\/","url":"https:\/\/www.imgcommerce.com\/es\/proceso-de-compra\/","name":"Proceso De Compra - IMG International Commerce CO. venta Chassis usado","isPartOf":{"@id":"https:\/\/www.imgcommerce.com\/es\/#website"},"primaryImageOfPage":{"@id":"https:\/\/www.imgcommerce.com\/es\/proceso-de-compra\/#primaryimage"},"image":{"@id":"https:\/\/www.imgcommerce.com\/es\/proceso-de-compra\/#primaryimage"},"thumbnailUrl":"http:\/\/www.imgcommerce.com\/es\/wp-content\/uploads\/2014\/03\/chassis-portacontenedores-logos.png","datePublished":"2014-03-09T20:35:00+00:00","dateModified":"2014-03-16T16:20:04+00:00","description":"Proceso De Compra - Distribuidor Autorizado y Exportador de Chassis Porta Contenedores nuevos y usados como Cheetah, Evans y Strick. Venta Chassis usados","breadcrumb":{"@id":"https:\/\/www.imgcommerce.com\/es\/proceso-de-compra\/#breadcrumb"},"inLanguage":"en-US","potentialAction":[{"@type":"ReadAction","target":["https:\/\/www.imgcommerce.com\/es\/proceso-de-compra\/"]}]},{"@type":"ImageObject","inLanguage":"en-US","@id":"https:\/\/www.imgcommerce.com\/es\/proceso-de-compra\/#primaryimage","url":"http:\/\/www.imgcommerce.com\/es\/wp-content\/uploads\/2014\/03\/chassis-portacontenedores-logos.png","contentUrl":"http:\/\/www.imgcommerce.com\/es\/wp-content\/uploads\/2014\/03\/chassis-portacontenedores-logos.png","width":480,"height":60},{"@type":"BreadcrumbList","@id":"https:\/\/www.imgcommerce.com\/es\/proceso-de-compra\/#breadcrumb","itemListElement":[{"@type":"ListItem","position":1,"name":"Home","item":"https:\/\/www.imgcommerce.com\/es\/"},{"@type":"ListItem","position":2,"name":"Proceso De Compra"}]},{"@type":"WebSite","@id":"https:\/\/www.imgcommerce.com\/es\/#website","url":"https:\/\/www.imgcommerce.com\/es\/","name":"IMG Commerce ESP","description":"","potentialAction":[{"@type":"SearchAction","target":{"@type":"EntryPoint","urlTemplate":"https:\/\/www.imgcommerce.com\/es\/?s={search_term_string}"},"query-input":{"@type":"PropertyValueSpecification","valueRequired":true,"valueName":"search_term_string"}}],"inLanguage":"en-US"}]}},"_links":{"self":[{"href":"http:\/\/www.imgcommerce.com\/es\/wp-json\/wp\/v2\/pages\/248","targetHints":{"allow":["GET"]}}],"collection":[{"href":"http:\/\/www.imgcommerce.com\/es\/wp-json\/wp\/v2\/pages"}],"about":[{"href":"http:\/\/www.imgcommerce.com\/es\/wp-json\/wp\/v2\/types\/page"}],"author":[{"embeddable":true,"href":"http:\/\/www.imgcommerce.com\/es\/wp-json\/wp\/v2\/users\/2"}],"replies":[{"embeddable":true,"href":"http:\/\/www.imgcommerce.com\/es\/wp-json\/wp\/v2\/comments?post=248"}],"version-history":[{"count":0,"href":"http:\/\/www.imgcommerce.com\/es\/wp-json\/wp\/v2\/pages\/248\/revisions"}],"wp:attachment":[{"href":"http:\/\/www.imgcommerce.com\/es\/wp-json\/wp\/v2\/media?parent=248"}],"curies":[{"name":"wp","href":"https:\/\/api.w.org\/{rel}","templated":true}]}}