{"id":296,"date":"2014-03-08T18:51:59","date_gmt":"2014-03-08T18:51:59","guid":{"rendered":"http:\/\/seonifty.net\/clients\/img2\/es\/?page_id=16"},"modified":"2016-07-24T15:30:52","modified_gmt":"2016-07-24T15:30:52","slug":"inicio","status":"publish","type":"page","link":"http:\/\/www.imgcommerce.com\/es\/","title":{"rendered":"Chassis Porta Contenedores"},"content":{"rendered":"<pre><div class=\"clearboth\"><\/div><div class=\"demo-sep sep-none\" style=\"margin-top:-60px;\"><\/div><\/pre>\n<h1 style=\"text-align: center;\"><span style=\"color: #003366;\">Distribuidor Autorizado para Latino Am\u00e9rica del Strick Group (Cheetah Chassis, Strick Trailers and Evans Trailers)<br \/>\nde Chassis Porta Contenedores.<\/span><\/h1>\n<pre><div class=\"clearboth\"><\/div><div class=\"demo-sep sep-none\" style=\"margin-top:-20px;\"><\/div><\/pre>\n<p style=\"text-align: center;\"><img loading=\"lazy\" decoding=\"async\" class=\"aligncenter size-full wp-image-4522\" alt=\"chassis-porta-contenedores-para-la-venta\" src=\"http:\/\/www.imgcommerce.com\/es\/wp-content\/uploads\/2014\/03\/chassis-portacontenedores-logos.png\" width=\"350\" height=\"44\" \/><\/p>\n<div class=\"clearboth\"><\/div><div class=\"demo-sep sep-shadow\" style=\"margin-top:20px;margin-bottom:20px;\"><\/div>\n<h1 style=\"text-align: center;\"><strong>IMG International Commerce Co, LLC<\/strong><\/h1>\n<pre><div class=\"clearboth\"><\/div><div class=\"demo-sep sep-none\" style=\"margin-top:-30px;\"><\/div><\/pre>\n<h2 style=\"text-align: center;\"><span style=\"color: #3ca4a3;\">Dealer y Exportador mayorista de Chassis Porta<\/span><br \/>\n<span style=\"color: #3ca4a3;\">Contenedores Nuevos, Chassis Porta Contenedores<\/span><br \/>\n<span style=\"color: #3ca4a3;\"> <strong>Usados, Gensets, Plataformas, Dollies, Ejes, Trailers <\/strong><\/span><br \/>\n<span style=\"color: #3ca4a3;\"> <strong>Refrigerados Usados y otros Equipos de Transporte Intermodal. <\/strong><\/span><\/h2>\n<p style=\"text-align: center;\"><img loading=\"lazy\" decoding=\"async\" class=\"aligncenter  wp-image-4458\" alt=\"final-centro-logo2\" src=\"http:\/\/www.imgcommerce.com\/es\/wp-content\/uploads\/2014\/03\/porta-contenedores-inicio.jpg\" width=\"415\" height=\"312\" \/><\/p>\n<span class=\"dropcap\">N<\/span>osotros somos vendedores mayoristas de chassis porta contenedores nuevos, <a href=\"http:\/\/www.imgcontainerchassis.com\/es\/chassis-porta-contenedores-usados\/\">chassis portacontenedores usados<\/a>, gensets (gen sets), plataformas, dollies, ejes y trailers refrigerados usados. Nadie vende chassis portacontenedores a pecios mas econ\u00f3micos que nosotros.<br \/>\nSomos el Distribuidor Autorizado para toda Latino Am\u00e9rica del mayor fabricante de chassis portacontenedores en USA, \u201cLos chassis marca Cheetah\u201d. Si, busca atenci\u00f3n profesional, chassis de calidad y precios muy competitivos, comun\u00edquese con IMG International Commerce Co, LLC.<\/p>\n<p>Somos vendedores y exportadores de Chassis Porta Contenedores Nuevos y Usados. Chassis Portacontenedores son trailer que se utilizan para transportar contenedores de 20 pies, 40 pies, 48 pies, 45 pies y 53 pies, IMG International Commerce Co LLC vende todo tipo de chassis, desde \u201cremanufacturados\u201d y tambi\u00e9n \u201ctal como est\u00e1n\u201d. Nuestro inventario cambia con frecuencia, siempre mantenemos chassis de 20 pies, chassis de 40 pies, chassis expandibles de 20 ft \u2013 40 ft pies, chassis extendibles de 40 ft &#8211; 45 ft -48 ft &#8211; 53 ft pies, chassis combos con 8 pins, chassis ISO tanque, tenemos chassis de dos ejes o chassis de tres ejes.<\/p>\n<p><span style=\"text-decoration: underline;\">Chassis Remanufacturado<\/span><br \/>\nUn chassis que ya ha sido reparado y\/o repintado, es decir listo para ponerlo a trabajar, estos chassis podr\u00edan tener la certificaci\u00f3n FHWA.<br \/>\n<span style=\"text-decoration: underline;\">Chassis \u201cTal y como est\u00e1n\u201d<\/span><br \/>\nUn chassis porta contenedor usado en buenas condiciones que necesita m\u00ednima reparaci\u00f3n o necesita ser pintado. Algunos chassis portacontenedores pueden tener la certificaci\u00f3n FHWA.<br \/>\nNosotros usualmente vendemos los chassis en atados de 5 chassis, pero nos acomodaremos a sus necesidades. Exportamos chassis a todo el mundo.<\/p>\n<p>Nosotros exportamos a todos los pa\u00edses. Actualmente estamos exportando a M\u00e9xico, Rep\u00fablica Dominicana, Puerto Rico, Bahamas, Jamaica, Costa Rica, Guatemala, Honduras, Panam\u00e1, El Salvador, Nicaragua, Venezuela, Colombia, Ecuador, Peru, Chile, Uruguay, Paraguay, Rusia, Angola, Nigeria, Costa de Marfil, Vietnam, Trinidad y Tobago, Haiti, Arabia Saudita, Serbia y a otros pa\u00edses.<br \/>\n<div class=\"flexslider clearfix\" style=\"max-width:100%;height:100%;\"><ul class=\"slides\">\n<li class=\"image\"><img decoding=\"async\" src=\"http:\/\/www.imgcommerce.com\/es\/wp-content\/uploads\/2014\/03\/inventario-1.jpg\" alt=\"\" \/><\/li>\n<li class=\"image\"><img decoding=\"async\" src=\"http:\/\/www.imgcommerce.com\/es\/wp-content\/uploads\/2014\/03\/inventario-2.jpg\" alt=\"\" \/><\/li>\n<li class=\"image\"><img decoding=\"async\" src=\"http:\/\/www.imgcommerce.com\/es\/wp-content\/uploads\/2014\/03\/inventario-3.jpg\" alt=\"\" \/><\/li><\/ul><\/div>\n<div class=\"clearboth\"><\/div><div class=\"demo-sep sep-none\" style=\"margin-top:-30px;\"><\/div>\n<pre><img loading=\"lazy\" decoding=\"async\" class=\"aligncenter size-full wp-image-4721\" alt=\"Chassis Porta Contenedores\" src=\"http:\/\/www.imgcommerce.com\/es\/wp-content\/uploads\/2014\/03\/img-portacontenedores-footer.jpg\" width=\"942\" height=\"150\" \/>\r\n<div class=\"clearboth\"><\/div><div class=\"demo-sep sep-none\" style=\"margin-top:-60px;\"><\/div><\/pre>\n","protected":false},"excerpt":{"rendered":"<p>Distribuidor Autorizado para Latino Am\u00e9rica del Strick Group (Cheetah Chassis, Strick Trailers and Evans Trailers) de Chassis Porta Contenedores. IMG International Commerce Co, LLC Dealer y Exportador mayorista de Chassis Porta Contenedores Nuevos, Chassis Porta Contenedores Usados, Gensets, Plataformas, Dollies, Ejes, Trailers Refrigerados Usados y otros Equipos de Transporte Intermodal. osotros somos vendedores mayoristas de [&hellip;]<\/p>\n","protected":false},"author":2,"featured_media":0,"parent":0,"menu_order":1,"comment_status":"closed","ping_status":"closed","template":"","meta":{"_exactmetrics_skip_tracking":false,"_exactmetrics_sitenote_active":false,"_exactmetrics_sitenote_note":"","_exactmetrics_sitenote_category":0,"footnotes":""},"class_list":["post-296","page","type-page","status-publish","hentry"],"yoast_head":"<!-- This site is optimized with the Yoast SEO plugin v27.4 - https:\/\/yoast.com\/product\/yoast-seo-wordpress\/ -->\n<title>Chassis Porta Contenedores Usados y Nuevos -Distribuidor Autorizado<\/title>\n<meta name=\"description\" content=\"Chassis Porta Contenedores Usados, Chassis contenedores Nuevos, Trailer Refrigerado Usado, Unidades de Refrigeracion, dolly, dollies, generadores y ejes\" \/>\n<meta name=\"robots\" content=\"index, follow, max-snippet:-1, max-image-preview:large, max-video-preview:-1\" \/>\n<link rel=\"canonical\" href=\"https:\/\/www.imgcommerce.com\/es\/\" \/>\n<meta property=\"og:locale\" content=\"en_US\" \/>\n<meta property=\"og:type\" content=\"article\" \/>\n<meta property=\"og:title\" content=\"Chassis Porta Contenedores Usados y Nuevos -Distribuidor Autorizado\" \/>\n<meta property=\"og:description\" content=\"Chassis Porta Contenedores Usados, Chassis contenedores Nuevos, Trailer Refrigerado Usado, Unidades de Refrigeracion, dolly, dollies, generadores y ejes\" \/>\n<meta property=\"og:url\" content=\"https:\/\/www.imgcommerce.com\/es\/\" \/>\n<meta property=\"og:site_name\" content=\"IMG Commerce ESP\" \/>\n<meta property=\"article:modified_time\" content=\"2016-07-24T15:30:52+00:00\" \/>\n<meta property=\"og:image\" content=\"http:\/\/www.imgcommerce.com\/es\/wp-content\/uploads\/2014\/03\/chassis-portacontenedores-logos.png\" \/>\n<meta name=\"twitter:card\" content=\"summary_large_image\" \/>\n<meta name=\"twitter:label1\" content=\"Est. reading time\" \/>\n\t<meta name=\"twitter:data1\" content=\"2 minutes\" \/>\n<script type=\"application\/ld+json\" class=\"yoast-schema-graph\">{\"@context\":\"https:\\\/\\\/schema.org\",\"@graph\":[{\"@type\":\"WebPage\",\"@id\":\"https:\\\/\\\/www.imgcommerce.com\\\/es\\\/\",\"url\":\"https:\\\/\\\/www.imgcommerce.com\\\/es\\\/\",\"name\":\"Chassis Porta Contenedores Usados y Nuevos -Distribuidor Autorizado\",\"isPartOf\":{\"@id\":\"https:\\\/\\\/www.imgcommerce.com\\\/es\\\/#website\"},\"primaryImageOfPage\":{\"@id\":\"https:\\\/\\\/www.imgcommerce.com\\\/es\\\/#primaryimage\"},\"image\":{\"@id\":\"https:\\\/\\\/www.imgcommerce.com\\\/es\\\/#primaryimage\"},\"thumbnailUrl\":\"http:\\\/\\\/www.imgcommerce.com\\\/es\\\/wp-content\\\/uploads\\\/2014\\\/03\\\/chassis-portacontenedores-logos.png\",\"datePublished\":\"2014-03-08T18:51:59+00:00\",\"dateModified\":\"2016-07-24T15:30:52+00:00\",\"description\":\"Chassis Porta Contenedores Usados, Chassis contenedores Nuevos, Trailer Refrigerado Usado, Unidades de Refrigeracion, dolly, dollies, generadores y ejes\",\"breadcrumb\":{\"@id\":\"https:\\\/\\\/www.imgcommerce.com\\\/es\\\/#breadcrumb\"},\"inLanguage\":\"en-US\",\"potentialAction\":[{\"@type\":\"ReadAction\",\"target\":[\"https:\\\/\\\/www.imgcommerce.com\\\/es\\\/\"]}]},{\"@type\":\"ImageObject\",\"inLanguage\":\"en-US\",\"@id\":\"https:\\\/\\\/www.imgcommerce.com\\\/es\\\/#primaryimage\",\"url\":\"http:\\\/\\\/www.imgcommerce.com\\\/es\\\/wp-content\\\/uploads\\\/2014\\\/03\\\/chassis-portacontenedores-logos.png\",\"contentUrl\":\"http:\\\/\\\/www.imgcommerce.com\\\/es\\\/wp-content\\\/uploads\\\/2014\\\/03\\\/chassis-portacontenedores-logos.png\",\"width\":480,\"height\":60},{\"@type\":\"BreadcrumbList\",\"@id\":\"https:\\\/\\\/www.imgcommerce.com\\\/es\\\/#breadcrumb\",\"itemListElement\":[{\"@type\":\"ListItem\",\"position\":1,\"name\":\"Home\",\"item\":\"https:\\\/\\\/www.imgcommerce.com\\\/es\\\/\"},{\"@type\":\"ListItem\",\"position\":2,\"name\":\"Chassis Porta Contenedores\"}]},{\"@type\":\"WebSite\",\"@id\":\"https:\\\/\\\/www.imgcommerce.com\\\/es\\\/#website\",\"url\":\"https:\\\/\\\/www.imgcommerce.com\\\/es\\\/\",\"name\":\"IMG Commerce ESP\",\"description\":\"\",\"potentialAction\":[{\"@type\":\"SearchAction\",\"target\":{\"@type\":\"EntryPoint\",\"urlTemplate\":\"https:\\\/\\\/www.imgcommerce.com\\\/es\\\/?s={search_term_string}\"},\"query-input\":{\"@type\":\"PropertyValueSpecification\",\"valueRequired\":true,\"valueName\":\"search_term_string\"}}],\"inLanguage\":\"en-US\"}]}<\/script>\n<!-- \/ Yoast SEO plugin. -->","yoast_head_json":{"title":"Chassis Porta Contenedores Usados y Nuevos -Distribuidor Autorizado","description":"Chassis Porta Contenedores Usados, Chassis contenedores Nuevos, Trailer Refrigerado Usado, Unidades de Refrigeracion, dolly, dollies, generadores y ejes","robots":{"index":"index","follow":"follow","max-snippet":"max-snippet:-1","max-image-preview":"max-image-preview:large","max-video-preview":"max-video-preview:-1"},"canonical":"https:\/\/www.imgcommerce.com\/es\/","og_locale":"en_US","og_type":"article","og_title":"Chassis Porta Contenedores Usados y Nuevos -Distribuidor Autorizado","og_description":"Chassis Porta Contenedores Usados, Chassis contenedores Nuevos, Trailer Refrigerado Usado, Unidades de Refrigeracion, dolly, dollies, generadores y ejes","og_url":"https:\/\/www.imgcommerce.com\/es\/","og_site_name":"IMG Commerce ESP","article_modified_time":"2016-07-24T15:30:52+00:00","og_image":[{"url":"http:\/\/www.imgcommerce.com\/es\/wp-content\/uploads\/2014\/03\/chassis-portacontenedores-logos.png","type":"","width":"","height":""}],"twitter_card":"summary_large_image","twitter_misc":{"Est. reading time":"2 minutes"},"schema":{"@context":"https:\/\/schema.org","@graph":[{"@type":"WebPage","@id":"https:\/\/www.imgcommerce.com\/es\/","url":"https:\/\/www.imgcommerce.com\/es\/","name":"Chassis Porta Contenedores Usados y Nuevos -Distribuidor Autorizado","isPartOf":{"@id":"https:\/\/www.imgcommerce.com\/es\/#website"},"primaryImageOfPage":{"@id":"https:\/\/www.imgcommerce.com\/es\/#primaryimage"},"image":{"@id":"https:\/\/www.imgcommerce.com\/es\/#primaryimage"},"thumbnailUrl":"http:\/\/www.imgcommerce.com\/es\/wp-content\/uploads\/2014\/03\/chassis-portacontenedores-logos.png","datePublished":"2014-03-08T18:51:59+00:00","dateModified":"2016-07-24T15:30:52+00:00","description":"Chassis Porta Contenedores Usados, Chassis contenedores Nuevos, Trailer Refrigerado Usado, Unidades de Refrigeracion, dolly, dollies, generadores y ejes","breadcrumb":{"@id":"https:\/\/www.imgcommerce.com\/es\/#breadcrumb"},"inLanguage":"en-US","potentialAction":[{"@type":"ReadAction","target":["https:\/\/www.imgcommerce.com\/es\/"]}]},{"@type":"ImageObject","inLanguage":"en-US","@id":"https:\/\/www.imgcommerce.com\/es\/#primaryimage","url":"http:\/\/www.imgcommerce.com\/es\/wp-content\/uploads\/2014\/03\/chassis-portacontenedores-logos.png","contentUrl":"http:\/\/www.imgcommerce.com\/es\/wp-content\/uploads\/2014\/03\/chassis-portacontenedores-logos.png","width":480,"height":60},{"@type":"BreadcrumbList","@id":"https:\/\/www.imgcommerce.com\/es\/#breadcrumb","itemListElement":[{"@type":"ListItem","position":1,"name":"Home","item":"https:\/\/www.imgcommerce.com\/es\/"},{"@type":"ListItem","position":2,"name":"Chassis Porta Contenedores"}]},{"@type":"WebSite","@id":"https:\/\/www.imgcommerce.com\/es\/#website","url":"https:\/\/www.imgcommerce.com\/es\/","name":"IMG Commerce ESP","description":"","potentialAction":[{"@type":"SearchAction","target":{"@type":"EntryPoint","urlTemplate":"https:\/\/www.imgcommerce.com\/es\/?s={search_term_string}"},"query-input":{"@type":"PropertyValueSpecification","valueRequired":true,"valueName":"search_term_string"}}],"inLanguage":"en-US"}]}},"_links":{"self":[{"href":"http:\/\/www.imgcommerce.com\/es\/wp-json\/wp\/v2\/pages\/296","targetHints":{"allow":["GET"]}}],"collection":[{"href":"http:\/\/www.imgcommerce.com\/es\/wp-json\/wp\/v2\/pages"}],"about":[{"href":"http:\/\/www.imgcommerce.com\/es\/wp-json\/wp\/v2\/types\/page"}],"author":[{"embeddable":true,"href":"http:\/\/www.imgcommerce.com\/es\/wp-json\/wp\/v2\/users\/2"}],"replies":[{"embeddable":true,"href":"http:\/\/www.imgcommerce.com\/es\/wp-json\/wp\/v2\/comments?post=296"}],"version-history":[{"count":0,"href":"http:\/\/www.imgcommerce.com\/es\/wp-json\/wp\/v2\/pages\/296\/revisions"}],"wp:attachment":[{"href":"http:\/\/www.imgcommerce.com\/es\/wp-json\/wp\/v2\/media?parent=296"}],"curies":[{"name":"wp","href":"https:\/\/api.w.org\/{rel}","templated":true}]}}