{"id":35,"date":"2014-03-08T19:16:38","date_gmt":"2014-03-08T19:16:38","guid":{"rendered":"http:\/\/seonifty.net\/clients\/img2\/es\/?page_id=35"},"modified":"2014-03-16T16:16:52","modified_gmt":"2014-03-16T16:16:52","slug":"quienes-somos","status":"publish","type":"page","link":"http:\/\/www.imgcommerce.com\/es\/quienes-somos\/","title":{"rendered":"Quienes Somos"},"content":{"rendered":"<pre><div class=\"clearboth\"><\/div><div class=\"demo-sep sep-none\" style=\"margin-top:-60px;\"><\/div><\/pre>\n<h1 style=\"text-align: center;\"><span style=\"color: #003366;\">Distribuidor Autorizado para Latino Am\u00e9rica del Strick Group (Cheetah Chassis, Strick Trailers and Evans Trailers)<\/span><\/h1>\n<pre><div class=\"clearboth\"><\/div><div class=\"demo-sep sep-none\" style=\"margin-top:-20px;\"><\/div><\/pre>\n<p style=\"text-align: center;\"><img loading=\"lazy\" decoding=\"async\" class=\"aligncenter size-full wp-image-4522\" alt=\"cheetah-chassis-logo\" src=\"http:\/\/www.imgcommerce.com\/es\/wp-content\/uploads\/2014\/03\/chassis-portacontenedores-logos.png\" width=\"350\" height=\"44\" \/><\/p>\n<div class=\"clearboth\"><\/div><div class=\"demo-sep sep-shadow\" style=\"margin-top:20px;margin-bottom:20px;\"><\/div>\n<div class=\"flexslider clearfix\" style=\"max-width:100%;height:100%;\"><ul class=\"slides\">\n<li class=\"image\"><img decoding=\"async\" src=\"http:\/\/www.imgcommerce.com\/es\/wp-content\/uploads\/2014\/03\/nosotros-1.jpg\" alt=\"\" \/><\/li>\n<li class=\"image\"><img decoding=\"async\" src=\"http:\/\/www.imgcommerce.com\/es\/wp-content\/uploads\/2014\/03\/nosotros-2.jpg\" alt=\"\" \/><\/li><\/ul><\/div>\n<pre><div class=\"clearboth\"><\/div><div class=\"demo-sep sep-none\" style=\"margin-top:-40px;\"><\/div><\/pre>\n<blockquote>\n<h3>No compre a revendedores, compre directamente con nosotros, los mayoristas. Antes de comprar, consulte nuestro inventario. Exportamos a todo el mundo.<\/h3>\n<\/blockquote>\n<p><strong>IMG International Commerce<\/strong> es una compan\u00eda profesional ubicada en Pensylvania-USA, dedicada a la venta y exportaci\u00f3n al por mayor y al por menor de chassis porta contenedores usados, chassis porta contenedores nuevos, gen sets usados, dollies, plataformas, ejes, trailers refrigerados y otros equipos de transporte intermodal.<\/p>\n<span class=\"dropcap\">N<\/span>uestra compan\u00eda atiende profesionalmente a clientes de USA y principalmente a clientes de Latino Am\u00e9rica, nos satisface mencionar que actualmente estamos exportando a M\u00e9xico, Rep\u00fablica Dominicana, Puerto Rico, Bahamas, Jamaica, Costa Rica, Guatemala, Honduras, Panam\u00e1, El Salvador, Nicaragua, Venezuela, Colombia, Ecuador, Peru, Chile, Uruguay, Paraguay, Rusia, Angola, Nigeria, Costa de Marfil, Vietnam, Trinidad y Tobago, Haiti, Arabia Saudita, Serbia, nos encantaria que usted tambi\u00e9n sea nuestro cliente.<\/p>\n<p>Personal bilingue y profesional le atender\u00e1 con dedicaci\u00f3n y le entregar\u00e1 toda la informaci\u00f3n que usted necesite.<br \/>\nSentimos que una combinaci\u00f3n de servicio personalizado, precios absolutamente competitivos y embarques a tiempo han contribuido al \u00e9xito de IMG International Commerce Co, LLC.<\/p>\n<p><strong>Porque ofrecemos precios mas bajos que la competencia?<\/strong>. Somos mayoristas, compramos equipos en lotes grandes a compan\u00edas navieras, compan\u00edas y flotas de transporte, remates, etc. El volumen de compra anual es alto eso hace que nuestros proveedores nos vendan a precios considerablemente bajos. Precios que ning\u00fan comprador individual de Estados Unidos o de otro pa\u00eds podria obtenerlos. Estos mismos descuentos los compartimos con nuestros clientes Latinoamericanos, al momento de cotizar los equipos que desean comprar.<\/p>\n<p><strong>Misi\u00f3n:<\/strong> Con profesionalismo y honestidad crear y mantener clientes satisfechos que traiga como resultado relaciones comerciales a largo plazo.<\/p>\n<p style=\"text-align: center;\">\n<strong>No compre a revendedores o comisionistas, compre directamente a nosotros los mayoristas.<br \/>\nAntes de comprar primero consulte nuestro inventario.<br \/>\nNosotros exportamos a cualquier pa\u00eds del mundo.<\/strong><\/p>\n<pre><img loading=\"lazy\" decoding=\"async\" class=\"aligncenter size-full wp-image-4721\" alt=\"img-container-chassis-footer\" src=\"http:\/\/www.imgcommerce.com\/es\/wp-content\/uploads\/2014\/03\/img-portacontenedores-footer.jpg\" width=\"942\" height=\"150\" \/><\/pre>\n<div class=\"clearboth\"><\/div><div class=\"demo-sep sep-none\" style=\"margin-top:-40px;\"><\/div>\n","protected":false},"excerpt":{"rendered":"<p>Distribuidor Autorizado para Latino Am\u00e9rica del Strick Group (Cheetah Chassis, Strick Trailers and Evans Trailers) No compre a revendedores, compre directamente con nosotros, los mayoristas. Antes de comprar, consulte nuestro inventario. Exportamos a todo el mundo. IMG International Commerce es una compan\u00eda profesional ubicada en Pensylvania-USA, dedicada a la venta y exportaci\u00f3n al por mayor [&hellip;]<\/p>\n","protected":false},"author":2,"featured_media":0,"parent":0,"menu_order":2,"comment_status":"closed","ping_status":"closed","template":"","meta":{"_exactmetrics_skip_tracking":false,"_exactmetrics_sitenote_active":false,"_exactmetrics_sitenote_note":"","_exactmetrics_sitenote_category":0,"footnotes":""},"class_list":["post-35","page","type-page","status-publish","hentry"],"yoast_head":"<!-- This site is optimized with the Yoast SEO plugin v27.4 - https:\/\/yoast.com\/product\/yoast-seo-wordpress\/ -->\n<title>Quienes Somos IMG International Commerce CO Chassis Porta Contenedores<\/title>\n<meta name=\"description\" content=\"Quienes Somos, Distribuidor Autorizado y Exportador de Chassis Porta Contenedores nuevos y usados Cheetah, Evans y Strick. Venta de Chassis Portaconenedores\" \/>\n<meta name=\"robots\" content=\"index, follow, max-snippet:-1, max-image-preview:large, max-video-preview:-1\" \/>\n<link rel=\"canonical\" href=\"https:\/\/www.imgcommerce.com\/es\/quienes-somos\/\" \/>\n<meta property=\"og:locale\" content=\"en_US\" \/>\n<meta property=\"og:type\" content=\"article\" \/>\n<meta property=\"og:title\" content=\"Quienes Somos IMG International Commerce CO Chassis Porta Contenedores\" \/>\n<meta property=\"og:description\" content=\"Quienes Somos, Distribuidor Autorizado y Exportador de Chassis Porta Contenedores nuevos y usados Cheetah, Evans y Strick. Venta de Chassis Portaconenedores\" \/>\n<meta property=\"og:url\" content=\"https:\/\/www.imgcommerce.com\/es\/quienes-somos\/\" \/>\n<meta property=\"og:site_name\" content=\"IMG Commerce ESP\" \/>\n<meta property=\"article:modified_time\" content=\"2014-03-16T16:16:52+00:00\" \/>\n<meta property=\"og:image\" content=\"http:\/\/www.imgcommerce.com\/es\/wp-content\/uploads\/2014\/03\/chassis-portacontenedores-logos.png\" \/>\n<meta name=\"twitter:card\" content=\"summary_large_image\" \/>\n<meta name=\"twitter:label1\" content=\"Est. reading time\" \/>\n\t<meta name=\"twitter:data1\" content=\"2 minutes\" \/>\n<script type=\"application\/ld+json\" class=\"yoast-schema-graph\">{\"@context\":\"https:\\\/\\\/schema.org\",\"@graph\":[{\"@type\":\"WebPage\",\"@id\":\"https:\\\/\\\/www.imgcommerce.com\\\/es\\\/quienes-somos\\\/\",\"url\":\"https:\\\/\\\/www.imgcommerce.com\\\/es\\\/quienes-somos\\\/\",\"name\":\"Quienes Somos IMG International Commerce CO Chassis Porta Contenedores\",\"isPartOf\":{\"@id\":\"https:\\\/\\\/www.imgcommerce.com\\\/es\\\/#website\"},\"primaryImageOfPage\":{\"@id\":\"https:\\\/\\\/www.imgcommerce.com\\\/es\\\/quienes-somos\\\/#primaryimage\"},\"image\":{\"@id\":\"https:\\\/\\\/www.imgcommerce.com\\\/es\\\/quienes-somos\\\/#primaryimage\"},\"thumbnailUrl\":\"http:\\\/\\\/www.imgcommerce.com\\\/es\\\/wp-content\\\/uploads\\\/2014\\\/03\\\/chassis-portacontenedores-logos.png\",\"datePublished\":\"2014-03-08T19:16:38+00:00\",\"dateModified\":\"2014-03-16T16:16:52+00:00\",\"description\":\"Quienes Somos, Distribuidor Autorizado y Exportador de Chassis Porta Contenedores nuevos y usados Cheetah, Evans y Strick. Venta de Chassis Portaconenedores\",\"breadcrumb\":{\"@id\":\"https:\\\/\\\/www.imgcommerce.com\\\/es\\\/quienes-somos\\\/#breadcrumb\"},\"inLanguage\":\"en-US\",\"potentialAction\":[{\"@type\":\"ReadAction\",\"target\":[\"https:\\\/\\\/www.imgcommerce.com\\\/es\\\/quienes-somos\\\/\"]}]},{\"@type\":\"ImageObject\",\"inLanguage\":\"en-US\",\"@id\":\"https:\\\/\\\/www.imgcommerce.com\\\/es\\\/quienes-somos\\\/#primaryimage\",\"url\":\"http:\\\/\\\/www.imgcommerce.com\\\/es\\\/wp-content\\\/uploads\\\/2014\\\/03\\\/chassis-portacontenedores-logos.png\",\"contentUrl\":\"http:\\\/\\\/www.imgcommerce.com\\\/es\\\/wp-content\\\/uploads\\\/2014\\\/03\\\/chassis-portacontenedores-logos.png\",\"width\":480,\"height\":60},{\"@type\":\"BreadcrumbList\",\"@id\":\"https:\\\/\\\/www.imgcommerce.com\\\/es\\\/quienes-somos\\\/#breadcrumb\",\"itemListElement\":[{\"@type\":\"ListItem\",\"position\":1,\"name\":\"Home\",\"item\":\"https:\\\/\\\/www.imgcommerce.com\\\/es\\\/\"},{\"@type\":\"ListItem\",\"position\":2,\"name\":\"Quienes Somos\"}]},{\"@type\":\"WebSite\",\"@id\":\"https:\\\/\\\/www.imgcommerce.com\\\/es\\\/#website\",\"url\":\"https:\\\/\\\/www.imgcommerce.com\\\/es\\\/\",\"name\":\"IMG Commerce ESP\",\"description\":\"\",\"potentialAction\":[{\"@type\":\"SearchAction\",\"target\":{\"@type\":\"EntryPoint\",\"urlTemplate\":\"https:\\\/\\\/www.imgcommerce.com\\\/es\\\/?s={search_term_string}\"},\"query-input\":{\"@type\":\"PropertyValueSpecification\",\"valueRequired\":true,\"valueName\":\"search_term_string\"}}],\"inLanguage\":\"en-US\"}]}<\/script>\n<!-- \/ Yoast SEO plugin. -->","yoast_head_json":{"title":"Quienes Somos IMG International Commerce CO Chassis Porta Contenedores","description":"Quienes Somos, Distribuidor Autorizado y Exportador de Chassis Porta Contenedores nuevos y usados Cheetah, Evans y Strick. Venta de Chassis Portaconenedores","robots":{"index":"index","follow":"follow","max-snippet":"max-snippet:-1","max-image-preview":"max-image-preview:large","max-video-preview":"max-video-preview:-1"},"canonical":"https:\/\/www.imgcommerce.com\/es\/quienes-somos\/","og_locale":"en_US","og_type":"article","og_title":"Quienes Somos IMG International Commerce CO Chassis Porta Contenedores","og_description":"Quienes Somos, Distribuidor Autorizado y Exportador de Chassis Porta Contenedores nuevos y usados Cheetah, Evans y Strick. Venta de Chassis Portaconenedores","og_url":"https:\/\/www.imgcommerce.com\/es\/quienes-somos\/","og_site_name":"IMG Commerce ESP","article_modified_time":"2014-03-16T16:16:52+00:00","og_image":[{"url":"http:\/\/www.imgcommerce.com\/es\/wp-content\/uploads\/2014\/03\/chassis-portacontenedores-logos.png","type":"","width":"","height":""}],"twitter_card":"summary_large_image","twitter_misc":{"Est. reading time":"2 minutes"},"schema":{"@context":"https:\/\/schema.org","@graph":[{"@type":"WebPage","@id":"https:\/\/www.imgcommerce.com\/es\/quienes-somos\/","url":"https:\/\/www.imgcommerce.com\/es\/quienes-somos\/","name":"Quienes Somos IMG International Commerce CO Chassis Porta Contenedores","isPartOf":{"@id":"https:\/\/www.imgcommerce.com\/es\/#website"},"primaryImageOfPage":{"@id":"https:\/\/www.imgcommerce.com\/es\/quienes-somos\/#primaryimage"},"image":{"@id":"https:\/\/www.imgcommerce.com\/es\/quienes-somos\/#primaryimage"},"thumbnailUrl":"http:\/\/www.imgcommerce.com\/es\/wp-content\/uploads\/2014\/03\/chassis-portacontenedores-logos.png","datePublished":"2014-03-08T19:16:38+00:00","dateModified":"2014-03-16T16:16:52+00:00","description":"Quienes Somos, Distribuidor Autorizado y Exportador de Chassis Porta Contenedores nuevos y usados Cheetah, Evans y Strick. Venta de Chassis Portaconenedores","breadcrumb":{"@id":"https:\/\/www.imgcommerce.com\/es\/quienes-somos\/#breadcrumb"},"inLanguage":"en-US","potentialAction":[{"@type":"ReadAction","target":["https:\/\/www.imgcommerce.com\/es\/quienes-somos\/"]}]},{"@type":"ImageObject","inLanguage":"en-US","@id":"https:\/\/www.imgcommerce.com\/es\/quienes-somos\/#primaryimage","url":"http:\/\/www.imgcommerce.com\/es\/wp-content\/uploads\/2014\/03\/chassis-portacontenedores-logos.png","contentUrl":"http:\/\/www.imgcommerce.com\/es\/wp-content\/uploads\/2014\/03\/chassis-portacontenedores-logos.png","width":480,"height":60},{"@type":"BreadcrumbList","@id":"https:\/\/www.imgcommerce.com\/es\/quienes-somos\/#breadcrumb","itemListElement":[{"@type":"ListItem","position":1,"name":"Home","item":"https:\/\/www.imgcommerce.com\/es\/"},{"@type":"ListItem","position":2,"name":"Quienes Somos"}]},{"@type":"WebSite","@id":"https:\/\/www.imgcommerce.com\/es\/#website","url":"https:\/\/www.imgcommerce.com\/es\/","name":"IMG Commerce ESP","description":"","potentialAction":[{"@type":"SearchAction","target":{"@type":"EntryPoint","urlTemplate":"https:\/\/www.imgcommerce.com\/es\/?s={search_term_string}"},"query-input":{"@type":"PropertyValueSpecification","valueRequired":true,"valueName":"search_term_string"}}],"inLanguage":"en-US"}]}},"_links":{"self":[{"href":"http:\/\/www.imgcommerce.com\/es\/wp-json\/wp\/v2\/pages\/35","targetHints":{"allow":["GET"]}}],"collection":[{"href":"http:\/\/www.imgcommerce.com\/es\/wp-json\/wp\/v2\/pages"}],"about":[{"href":"http:\/\/www.imgcommerce.com\/es\/wp-json\/wp\/v2\/types\/page"}],"author":[{"embeddable":true,"href":"http:\/\/www.imgcommerce.com\/es\/wp-json\/wp\/v2\/users\/2"}],"replies":[{"embeddable":true,"href":"http:\/\/www.imgcommerce.com\/es\/wp-json\/wp\/v2\/comments?post=35"}],"version-history":[{"count":0,"href":"http:\/\/www.imgcommerce.com\/es\/wp-json\/wp\/v2\/pages\/35\/revisions"}],"wp:attachment":[{"href":"http:\/\/www.imgcommerce.com\/es\/wp-json\/wp\/v2\/media?parent=35"}],"curies":[{"name":"wp","href":"https:\/\/api.w.org\/{rel}","templated":true}]}}