{"id":51,"date":"2014-03-08T19:34:15","date_gmt":"2014-03-08T19:34:15","guid":{"rendered":"http:\/\/seonifty.net\/clients\/img2\/es\/?page_id=51"},"modified":"2014-03-16T16:21:11","modified_gmt":"2014-03-16T16:21:11","slug":"chassis-porta-contenedores-usados","status":"publish","type":"page","link":"http:\/\/www.imgcommerce.com\/es\/chassis-porta-contenedores-usados\/","title":{"rendered":"Chassis Porta Contenedores Usados"},"content":{"rendered":"<pre><div class=\"clearboth\"><\/div><div class=\"demo-sep sep-none\" style=\"margin-top:-60px;\"><\/div><\/pre>\n<h1 style=\"text-align: center;\"><span style=\"color: #3ca4a3;\">Chassis Porta Contenedores Usados<\/span><\/h1>\n<pre><div class=\"clearboth\"><\/div><div class=\"demo-sep sep-none\" style=\"margin-top:-20px;\"><\/div><\/pre>\n<h2 style=\"text-align: center;\">IMG International Commerce CO, LLC vende Chassis Porta Contenedores Usados<\/h2>\n<h2 style=\"text-align: center;\"><span style=\"color: #3ca4a3;\">Distribuidor Autorizado para Latino Am\u00e9rica del Strick Group (Cheetah Chassis, Strick Trailers and Evans Trailers)<\/span><\/h2>\n<p style=\"text-align: center;\"><img loading=\"lazy\" decoding=\"async\" class=\"aligncenter size-full wp-image-4522\" alt=\"chassis-portacontenedores-logos\" src=\"http:\/\/www.imgcommerce.com\/es\/wp-content\/uploads\/2014\/03\/chassis-portacontenedores-logos.png\" width=\"482\" height=\"60\" \/><\/p>\n<div class=\"clearboth\"><\/div><div class=\"demo-sep sep-shadow\" style=\"margin-top:20px;margin-bottom:20px;\"><\/div>\n<span class=\"dropcap\">IMG<\/span><span style=\"color: #000000;\"><strong>International Commerce Co<\/strong><\/span>, es un vendedor y exportador al por mayor de chassis portacontendores usados de alta calidad. Mantenemos un gran inventario de chassis portacontenedores usados en nuestros patios de Miami Florida y patio en Laredo Texas. Ademas tenemos inventario en otras ciudades de USA.<br \/>\n<div class=\"flexslider clearfix\" style=\"max-width:100%;height:100%;\"><ul class=\"slides\">\n<li class=\"image\"><img decoding=\"async\" src=\"http:\/\/www.imgcommerce.com\/es\/wp-content\/uploads\/2014\/03\/chassis-porta-contenedores-usados-1.jpg\" alt=\"\" \/><\/li>\n<li class=\"image\"><img decoding=\"async\" src=\"http:\/\/www.imgcommerce.com\/es\/wp-content\/uploads\/2014\/03\/chassis-porta-contenedores-usados-2.jpg\" alt=\"\" \/><\/li><\/ul><\/div>\n<div class=\"clearboth\"><\/div><div class=\"demo-sep sep-none\" style=\"margin-top:-10px;\"><\/div>\n<blockquote><p>Nosotros vendemos chassis portacontenedores usados solo en buenas condiciones, nosotros no jugamos con la calidad y menos con nuestros clientes.<\/p><\/blockquote>\n<div class=\"title\"><h1>Chassis Porta Contenedores Usados<\/h1><div class=\"title-sep-container\"><div class=\"title-sep\"><\/div><\/div><\/div>\n<div class=\"one_half\">\n<pre><style type='text\/css'>\n\t#checklist-1 li:before{color:#ffffff !important; content:'\\f00c' }\n\t<\/style><\/pre>\n<ul id=\"checklist-1\" class=\"list-icon circle-yes list-icon-ok\">\n<li>Chassis usados de 20 Pies con ejes fijos para venta<\/li>\n<li>Chassis usados de 20 pies con ejes re-corredizos<\/li>\n<li>Chassis usados de 20 pies de tres ejes para venta<\/li>\n<li>Chassis usados modelo cuello de ganzo de 40 Pies<\/li>\n<li>Chassis usados estructura recta (plana) de 40 Pies<\/li>\n<li>Chassis usados cuello de ganzo 40 Pies tres ejes<\/li>\n<li>Chassis usados cuello de ganzo de 45 Pies para venta<\/li>\n<li>Chassis usados cuello de ganzo de 48 Pies para venta<\/li>\n<li>Chassis usados cuello de ganzo de 53 Pies para venta<\/li>\n<\/ul>\n<pre><\/pre>\n<\/div>\n<div class=\"one_half last\">\n<pre><style type='text\/css'>\n\t#checklist-2 li:before{color:#ffffff !important; content:'\\f00c' }\n\t<\/style><\/pre>\n<ul id=\"checklist-2\" class=\"list-icon circle-yes list-icon-ok\">\n<li>Chassis usados Combo de 8 pins para venta<\/li>\n<li>Chassis usados Combo de 12 pins para venta<\/li>\n<li>Chassis Usados ISO Tanque para venta<\/li>\n<li>Chassis Usados Extensibles 20-40 pies para venta<\/li>\n<li>Chassis Usados Extensibles 20-40-45 para venta pies<\/li>\n<li>Chassis Usados Extensibles 40-45 pies para venta<\/li>\n<li>Chassis Usados Extensibles 40-45-48 para venta pies<\/li>\n<li>Chassis Usados Extensibles 48-53 pies para venta<\/li>\n<\/ul>\n<pre><\/pre>\n<\/div><div class=\"clearboth\"><\/div>\n<h2 style=\"text-align: center;\"><span style=\"color: #3ca4a3;\">Vendemos y Exportamos Chassis Porta Contenedores Usados \u201cRemanufacturado o Reacondicionado&#8221; y \u201cTal y como est\u00e1n\u201d.<\/span><\/h2>\n<p><strong>Chassis Remanufacturado <\/strong><br \/>\nUn chassis que ya ha sido reparado y\/o repintado, es decir listo para ponerlo a trabajar, estos chassis podr\u00edan tener la certificaci\u00f3n FHWA.<br \/>\nTenemos chassis marca Cheetah, Strick, Hyundai, Stoughton, Monon, Wabash, Bertolini, Loadcraft, etc.<\/p>\n<p><strong>Chassis \u201cTal y como est\u00e1n\u201d<\/strong><br \/>\nUn chassis porta contenedor usado en buenas condiciones que necesita m\u00ednima reparaci\u00f3n o necesita ser pintado. Algunos chassis portacontenedores pueden tener la certificaci\u00f3n FHWA.<br \/>\nNosotros usualmente vendemos los chassis en atados de 5 chassis, pero nos acomodaremos a sus necesidades. Exportamos chassis a todo el mundo.<\/p>\n<p><strong>IMG International Commerce CO LLC,<\/strong> atiende profesionalmente a clientes de USA y principalmente a clientes de Latino Am\u00e9rica, actualmente estamos exportando a M\u00e9xico, Rep\u00fablica Dominicana, Puerto Rico, Bahamas, Jamaica, Costa Rica, Guatemala, Honduras, Panam\u00e1, El Salvador, Nicaragua, Venezuela, Colombia, Ecuador, Peru, Chile, Uruguay, Paraguay, Rusia, Angola, Nigeria, Costa de Marfil, Vietnam, Trinidad y Tobago, Haiti, Arabia Saudita, Serbia entre otros pa\u00edses.<\/p>\n<pre><img loading=\"lazy\" decoding=\"async\" class=\"aligncenter size-full wp-image-4721\" alt=\"img-portacontenedores-footer\" src=\"http:\/\/www.imgcommerce.com\/es\/wp-content\/uploads\/2014\/03\/img-portacontenedores-footer.jpg\" width=\"942\" height=\"150\"  \/><\/pre>\n<div class=\"clearboth\"><\/div><div class=\"demo-sep sep-none\" style=\"margin-top:-40px;\"><\/div>\n","protected":false},"excerpt":{"rendered":"<p>Chassis Porta Contenedores Usados IMG International Commerce CO, LLC vende Chassis Porta Contenedores Usados Distribuidor Autorizado para Latino Am\u00e9rica del Strick Group (Cheetah Chassis, Strick Trailers and Evans Trailers) International Commerce Co, es un vendedor y exportador al por mayor de chassis portacontendores usados de alta calidad. Mantenemos un gran inventario de chassis portacontenedores usados [&hellip;]<\/p>\n","protected":false},"author":2,"featured_media":0,"parent":0,"menu_order":6,"comment_status":"closed","ping_status":"closed","template":"","meta":{"_exactmetrics_skip_tracking":false,"_exactmetrics_sitenote_active":false,"_exactmetrics_sitenote_note":"","_exactmetrics_sitenote_category":0,"footnotes":""},"class_list":["post-51","page","type-page","status-publish","hentry"],"yoast_head":"<!-- This site is optimized with the Yoast SEO plugin v27.4 - https:\/\/yoast.com\/product\/yoast-seo-wordpress\/ -->\n<title>Chassis Porta Contenedores Usados para Venta, Portacontenedores usados<\/title>\n<meta name=\"description\" content=\"Chassis Porta Contenedores Usados Cuello de ganzo - Distribuidor Autorizado y Exportador de Chassis Portacontenedores usados de Cheetah, Evans y Strick.\" \/>\n<meta name=\"robots\" content=\"index, follow, max-snippet:-1, max-image-preview:large, max-video-preview:-1\" \/>\n<link rel=\"canonical\" href=\"https:\/\/www.imgcommerce.com\/es\/chassis-porta-contenedores-usados\/\" \/>\n<meta property=\"og:locale\" content=\"en_US\" \/>\n<meta property=\"og:type\" content=\"article\" \/>\n<meta property=\"og:title\" content=\"Chassis Porta Contenedores Usados para Venta, Portacontenedores usados\" \/>\n<meta property=\"og:description\" content=\"Chassis Porta Contenedores Usados Cuello de ganzo - Distribuidor Autorizado y Exportador de Chassis Portacontenedores usados de Cheetah, Evans y Strick.\" \/>\n<meta property=\"og:url\" content=\"https:\/\/www.imgcommerce.com\/es\/chassis-porta-contenedores-usados\/\" \/>\n<meta property=\"og:site_name\" content=\"IMG Commerce ESP\" \/>\n<meta property=\"article:modified_time\" content=\"2014-03-16T16:21:11+00:00\" \/>\n<meta property=\"og:image\" content=\"http:\/\/www.imgcommerce.com\/es\/wp-content\/uploads\/2014\/03\/chassis-portacontenedores-logos.png\" \/>\n<meta name=\"twitter:card\" content=\"summary_large_image\" \/>\n<meta name=\"twitter:label1\" content=\"Est. reading time\" \/>\n\t<meta name=\"twitter:data1\" content=\"2 minutes\" \/>\n<script type=\"application\/ld+json\" class=\"yoast-schema-graph\">{\"@context\":\"https:\\\/\\\/schema.org\",\"@graph\":[{\"@type\":\"WebPage\",\"@id\":\"https:\\\/\\\/www.imgcommerce.com\\\/es\\\/chassis-porta-contenedores-usados\\\/\",\"url\":\"https:\\\/\\\/www.imgcommerce.com\\\/es\\\/chassis-porta-contenedores-usados\\\/\",\"name\":\"Chassis Porta Contenedores Usados para Venta, Portacontenedores usados\",\"isPartOf\":{\"@id\":\"https:\\\/\\\/www.imgcommerce.com\\\/es\\\/#website\"},\"primaryImageOfPage\":{\"@id\":\"https:\\\/\\\/www.imgcommerce.com\\\/es\\\/chassis-porta-contenedores-usados\\\/#primaryimage\"},\"image\":{\"@id\":\"https:\\\/\\\/www.imgcommerce.com\\\/es\\\/chassis-porta-contenedores-usados\\\/#primaryimage\"},\"thumbnailUrl\":\"http:\\\/\\\/www.imgcommerce.com\\\/es\\\/wp-content\\\/uploads\\\/2014\\\/03\\\/chassis-portacontenedores-logos.png\",\"datePublished\":\"2014-03-08T19:34:15+00:00\",\"dateModified\":\"2014-03-16T16:21:11+00:00\",\"description\":\"Chassis Porta Contenedores Usados Cuello de ganzo - Distribuidor Autorizado y Exportador de Chassis Portacontenedores usados de Cheetah, Evans y Strick.\",\"breadcrumb\":{\"@id\":\"https:\\\/\\\/www.imgcommerce.com\\\/es\\\/chassis-porta-contenedores-usados\\\/#breadcrumb\"},\"inLanguage\":\"en-US\",\"potentialAction\":[{\"@type\":\"ReadAction\",\"target\":[\"https:\\\/\\\/www.imgcommerce.com\\\/es\\\/chassis-porta-contenedores-usados\\\/\"]}]},{\"@type\":\"ImageObject\",\"inLanguage\":\"en-US\",\"@id\":\"https:\\\/\\\/www.imgcommerce.com\\\/es\\\/chassis-porta-contenedores-usados\\\/#primaryimage\",\"url\":\"http:\\\/\\\/www.imgcommerce.com\\\/es\\\/wp-content\\\/uploads\\\/2014\\\/03\\\/chassis-portacontenedores-logos.png\",\"contentUrl\":\"http:\\\/\\\/www.imgcommerce.com\\\/es\\\/wp-content\\\/uploads\\\/2014\\\/03\\\/chassis-portacontenedores-logos.png\",\"width\":480,\"height\":60},{\"@type\":\"BreadcrumbList\",\"@id\":\"https:\\\/\\\/www.imgcommerce.com\\\/es\\\/chassis-porta-contenedores-usados\\\/#breadcrumb\",\"itemListElement\":[{\"@type\":\"ListItem\",\"position\":1,\"name\":\"Home\",\"item\":\"https:\\\/\\\/www.imgcommerce.com\\\/es\\\/\"},{\"@type\":\"ListItem\",\"position\":2,\"name\":\"Chassis Porta Contenedores Usados\"}]},{\"@type\":\"WebSite\",\"@id\":\"https:\\\/\\\/www.imgcommerce.com\\\/es\\\/#website\",\"url\":\"https:\\\/\\\/www.imgcommerce.com\\\/es\\\/\",\"name\":\"IMG Commerce ESP\",\"description\":\"\",\"potentialAction\":[{\"@type\":\"SearchAction\",\"target\":{\"@type\":\"EntryPoint\",\"urlTemplate\":\"https:\\\/\\\/www.imgcommerce.com\\\/es\\\/?s={search_term_string}\"},\"query-input\":{\"@type\":\"PropertyValueSpecification\",\"valueRequired\":true,\"valueName\":\"search_term_string\"}}],\"inLanguage\":\"en-US\"}]}<\/script>\n<!-- \/ Yoast SEO plugin. -->","yoast_head_json":{"title":"Chassis Porta Contenedores Usados para Venta, Portacontenedores usados","description":"Chassis Porta Contenedores Usados Cuello de ganzo - Distribuidor Autorizado y Exportador de Chassis Portacontenedores usados de Cheetah, Evans y Strick.","robots":{"index":"index","follow":"follow","max-snippet":"max-snippet:-1","max-image-preview":"max-image-preview:large","max-video-preview":"max-video-preview:-1"},"canonical":"https:\/\/www.imgcommerce.com\/es\/chassis-porta-contenedores-usados\/","og_locale":"en_US","og_type":"article","og_title":"Chassis Porta Contenedores Usados para Venta, Portacontenedores usados","og_description":"Chassis Porta Contenedores Usados Cuello de ganzo - Distribuidor Autorizado y Exportador de Chassis Portacontenedores usados de Cheetah, Evans y Strick.","og_url":"https:\/\/www.imgcommerce.com\/es\/chassis-porta-contenedores-usados\/","og_site_name":"IMG Commerce ESP","article_modified_time":"2014-03-16T16:21:11+00:00","og_image":[{"url":"http:\/\/www.imgcommerce.com\/es\/wp-content\/uploads\/2014\/03\/chassis-portacontenedores-logos.png","type":"","width":"","height":""}],"twitter_card":"summary_large_image","twitter_misc":{"Est. reading time":"2 minutes"},"schema":{"@context":"https:\/\/schema.org","@graph":[{"@type":"WebPage","@id":"https:\/\/www.imgcommerce.com\/es\/chassis-porta-contenedores-usados\/","url":"https:\/\/www.imgcommerce.com\/es\/chassis-porta-contenedores-usados\/","name":"Chassis Porta Contenedores Usados para Venta, Portacontenedores usados","isPartOf":{"@id":"https:\/\/www.imgcommerce.com\/es\/#website"},"primaryImageOfPage":{"@id":"https:\/\/www.imgcommerce.com\/es\/chassis-porta-contenedores-usados\/#primaryimage"},"image":{"@id":"https:\/\/www.imgcommerce.com\/es\/chassis-porta-contenedores-usados\/#primaryimage"},"thumbnailUrl":"http:\/\/www.imgcommerce.com\/es\/wp-content\/uploads\/2014\/03\/chassis-portacontenedores-logos.png","datePublished":"2014-03-08T19:34:15+00:00","dateModified":"2014-03-16T16:21:11+00:00","description":"Chassis Porta Contenedores Usados Cuello de ganzo - Distribuidor Autorizado y Exportador de Chassis Portacontenedores usados de Cheetah, Evans y Strick.","breadcrumb":{"@id":"https:\/\/www.imgcommerce.com\/es\/chassis-porta-contenedores-usados\/#breadcrumb"},"inLanguage":"en-US","potentialAction":[{"@type":"ReadAction","target":["https:\/\/www.imgcommerce.com\/es\/chassis-porta-contenedores-usados\/"]}]},{"@type":"ImageObject","inLanguage":"en-US","@id":"https:\/\/www.imgcommerce.com\/es\/chassis-porta-contenedores-usados\/#primaryimage","url":"http:\/\/www.imgcommerce.com\/es\/wp-content\/uploads\/2014\/03\/chassis-portacontenedores-logos.png","contentUrl":"http:\/\/www.imgcommerce.com\/es\/wp-content\/uploads\/2014\/03\/chassis-portacontenedores-logos.png","width":480,"height":60},{"@type":"BreadcrumbList","@id":"https:\/\/www.imgcommerce.com\/es\/chassis-porta-contenedores-usados\/#breadcrumb","itemListElement":[{"@type":"ListItem","position":1,"name":"Home","item":"https:\/\/www.imgcommerce.com\/es\/"},{"@type":"ListItem","position":2,"name":"Chassis Porta Contenedores Usados"}]},{"@type":"WebSite","@id":"https:\/\/www.imgcommerce.com\/es\/#website","url":"https:\/\/www.imgcommerce.com\/es\/","name":"IMG Commerce ESP","description":"","potentialAction":[{"@type":"SearchAction","target":{"@type":"EntryPoint","urlTemplate":"https:\/\/www.imgcommerce.com\/es\/?s={search_term_string}"},"query-input":{"@type":"PropertyValueSpecification","valueRequired":true,"valueName":"search_term_string"}}],"inLanguage":"en-US"}]}},"_links":{"self":[{"href":"http:\/\/www.imgcommerce.com\/es\/wp-json\/wp\/v2\/pages\/51","targetHints":{"allow":["GET"]}}],"collection":[{"href":"http:\/\/www.imgcommerce.com\/es\/wp-json\/wp\/v2\/pages"}],"about":[{"href":"http:\/\/www.imgcommerce.com\/es\/wp-json\/wp\/v2\/types\/page"}],"author":[{"embeddable":true,"href":"http:\/\/www.imgcommerce.com\/es\/wp-json\/wp\/v2\/users\/2"}],"replies":[{"embeddable":true,"href":"http:\/\/www.imgcommerce.com\/es\/wp-json\/wp\/v2\/comments?post=51"}],"version-history":[{"count":0,"href":"http:\/\/www.imgcommerce.com\/es\/wp-json\/wp\/v2\/pages\/51\/revisions"}],"wp:attachment":[{"href":"http:\/\/www.imgcommerce.com\/es\/wp-json\/wp\/v2\/media?parent=51"}],"curies":[{"name":"wp","href":"https:\/\/api.w.org\/{rel}","templated":true}]}}