{"id":54,"date":"2014-03-08T19:35:04","date_gmt":"2014-03-08T19:35:04","guid":{"rendered":"http:\/\/seonifty.net\/clients\/img2\/es\/?page_id=54"},"modified":"2014-03-16T16:24:33","modified_gmt":"2014-03-16T16:24:33","slug":"chassis-porta-contenedores-nuevos","status":"publish","type":"page","link":"http:\/\/www.imgcommerce.com\/es\/chassis-porta-contenedores-nuevos\/","title":{"rendered":"Chassis Porta Contenedores Nuevos"},"content":{"rendered":"<pre><div class=\"clearboth\"><\/div><div class=\"demo-sep sep-none\" style=\"margin-top:-60px;\"><\/div><\/pre>\n<h1 style=\"text-align: center;\"><span style=\"color: #3ca4a3;\">Chassis Porta Contenedores Nuevos<\/span><\/h1>\n<pre><div class=\"clearboth\"><\/div><div class=\"demo-sep sep-none\" style=\"margin-top:-20px;\"><\/div><\/pre>\n<h2 style=\"text-align: center;\">IMG International Commerce CO, LLC vende Chassis Porta Contenedores Nuevos<\/h2>\n<h2 style=\"text-align: center;\"><span style=\"color: #3ca4a3;\">Dealer-Distribuidor autorizado para Latino Am\u00e9rica de: Chassis marca Cheetah.<\/span><\/h2>\n<p style=\"text-align: center;\"><img loading=\"lazy\" decoding=\"async\" class=\"aligncenter size-full wp-image-4522\" alt=\"chassis-portacontenedores-logos\" src=\"http:\/\/www.imgcommerce.com\/es\/wp-content\/uploads\/2014\/03\/chassis-portacontenedores-logos.png\" width=\"482\" height=\"60\" \/><\/p>\n<div class=\"clearboth\"><\/div><div class=\"demo-sep sep-shadow\" style=\"margin-top:20px;margin-bottom:20px;\"><\/div>\n<span class=\"dropcap\">IMG<\/span><span style=\"color: #000000;\"><strong>International Commerce CO. LLC,<\/strong><\/span> es un vendedor y exportador al por mayor de Chassis Porta Contenedores Nuevos de alta calidad. Mantenemos un gran inventario de chassis portacontenedores nuevos en nuestros patios de Miami FL. y patio en Laredo TX.<br \/>\nCheetah Chassis es el nuevo nombre de los chassis porta contenedores &#8220;STRICK&#8221;, la misma calidad, el mismo rendimiento. Cheetah es el m\u00e1s grande fabricante de chassis en USA. Cheetah es el nuevo nombre de los bien conocidos chassis marca &#8220;STRICK&#8221;. La misma calidad, la misma capacidad de carga.<br \/>\n<div class=\"flexslider clearfix\" style=\"max-width:100%;height:100%;\"><ul class=\"slides\">\n<li class=\"image\"><img decoding=\"async\" src=\"http:\/\/www.imgcommerce.com\/es\/wp-content\/uploads\/2014\/03\/chassis-porta-contenedores-nuevos-1.jpg\" alt=\"\" \/><\/li>\n<li class=\"image\"><img decoding=\"async\" src=\"http:\/\/www.imgcommerce.com\/es\/wp-content\/uploads\/2014\/03\/chassis-porta-contenedores-nuevos-2.jpg\" alt=\"\" \/><\/li><\/ul><\/div>\n<div class=\"one_half\">\n<h2 style=\"text-align: center;\"><span style=\"color: #3ca4a3;\"><strong>Chassis Nuevos Para Contenedores 20\u2032<\/strong><\/span><\/h2>\n<pre><style type='text\/css'>\n\t#checklist-1 li:before{color:#ffffff !important; content:'\\f00c' }\n\t<\/style><\/pre>\n<ul id=\"checklist-1\" class=\"list-icon circle-yes list-icon-ok\">\n<li>Chassis 23\u00bd Pies Estructura Recta<\/li>\n<li>Chassis 23\u00bd Pies Ejes Recorredizos<\/li>\n<li>Chassis Extensible 33\u2032 Tres Ejes<\/li>\n<li>Chassis 31\u2032 Drop Frame<\/li>\n<li>Chassis 42\u2032 Dos Ejes Suspension Aire<\/li>\n<\/ul>\n<pre><\/pre>\n<p>&nbsp;<\/p>\n<h2 style=\"text-align: center;\"><span style=\"color: #3ca4a3;\"><strong>Chassis Nuevos Para Contenedores 40\u2032<\/strong><\/span><\/h2>\n<pre><style type='text\/css'>\n\t#checklist-2 li:before{color:#ffffff !important; content:'\\f00c' }\n\t<\/style><\/pre>\n<ul id=\"checklist-2\" class=\"list-icon circle-yes list-icon-ok\">\n<li>Chassis 40\u2032 Cuello Ganzo Dos Ejes<\/li>\n<li>Chassis Liviano 40\u2032 Ganzo Dos Ejes<\/li>\n<li>Chassis 40\u2032 Cuello Ganzo Tres Ejes<\/li>\n<li>Chassis Heavy Duty 40\u2032 Ganzo 8 Pins<\/li>\n<li>Chassis 43\u2032 Cuello Ganzo Para Industria Aire O Gas<\/li>\n<li>Chassis Exten 46-55\u2032 Ganzo 4 Ejes<\/li>\n<\/ul>\n<pre><\/pre>\n<p>&nbsp;<\/p>\n<h2 style=\"text-align: center;\"><span style=\"color: #3ca4a3;\"><strong>Chassis Eje Deslizable Contenedor 20-40\u2032<\/strong><\/span><\/h2>\n<pre><style type='text\/css'>\n\t#checklist-3 li:before{color:#ffffff !important; content:'\\f00c' }\n\t<\/style><\/pre>\n<ul id=\"checklist-3\" class=\"list-icon circle-yes list-icon-ok\">\n<li>Chassis Porta Contenedor 20-40 Pies Ejes Deslizables<\/li>\n<li>Chassis Porta Contenedor 20-40 Pies Ejes Deslizables Tres Ejes 12 Pins<\/li>\n<li>Chassis Porta Contenedor 20-40 Pies Heavy Duty Tres Ejes Deslizables<\/li>\n<li>Chassis Porta Contenedor 20-40 Pies Heavy Duty Tres Ejes Deslizables Pin Retractibles<\/li>\n<li>Chassis Porta Contenedor 20-40 Pies Heavy Duty Tres Ejes Deslizables 12 Pins Retractibles<\/li>\n<\/ul>\n<pre><\/pre>\n<p>&nbsp;<\/p>\n<h2 style=\"text-align: center;\"><span style=\"color: #3ca4a3;\"><strong>Plataformas Nuevas<\/strong><\/span><\/h2>\n<pre><style type='text\/css'>\n\t#checklist-4 li:before{color:#ffffff !important; content:'\\f00c' }\n\t<\/style><\/pre>\n<ul id=\"checklist-4\" class=\"list-icon circle-yes list-icon-ok\">\n<li>Plataformas Nuevas 48 Pies<\/li>\n<li>Plataforma Nueva Extensible 48-80<\/li>\n<\/ul>\n<pre><\/pre>\n<\/div>\n<div class=\"one_half last\">\n<h2 style=\"text-align: center;\"><span style=\"color: #3ca4a3;\"><strong>Chassis Nuevos Estructura Extensible<\/strong><\/span><\/h2>\n<pre><style type='text\/css'>\n\t#checklist-5 li:before{color:#ffffff !important; content:'\\f00c' }\n\t<\/style><\/pre>\n<ul id=\"checklist-5\" class=\"list-icon circle-yes list-icon-ok\">\n<li>Chassis Exten 20-40\u2032 2 Ejes Combo<\/li>\n<li>Chassis Exten 20-40\u2032 3 Ejes Combo<\/li>\n<li>Chassis Exten 20-40-45\u2032 3 Ejes<\/li>\n<li>Chassis Exten 40-45\u2032 2 Ejes Ganzo<\/li>\n<li>Chassis Exten 40-53\u2032 3 Ejes Ganzo<\/li>\n<\/ul>\n<pre><\/pre>\n<p>&nbsp;<\/p>\n<h2 style=\"text-align: center;\"><span style=\"color: #3ca4a3;\"><strong>Chassis Nuevos Para Contenedores 53\u2032<\/strong><\/span><\/h2>\n<pre><style type='text\/css'>\n\t#checklist-6 li:before{color:#ffffff !important; content:'\\f00c' }\n\t<\/style><\/pre>\n<ul id=\"checklist-6\" class=\"list-icon circle-yes list-icon-ok\">\n<li>Chassis 53\u2032 Nuevo Dos Ejes<\/li>\n<li>Chassis 53\u2032 Nuevo Cinco Ejes<\/li>\n<\/ul>\n<pre><\/pre>\n<p>&nbsp;<\/p>\n<h2 style=\"text-align: center;\"><span style=\"color: #3ca4a3;\"><strong>Chassis Nuevos ISO Tanque 20 Pies<\/strong><\/span><\/h2>\n<pre><style type='text\/css'>\n\t#checklist-7 li:before{color:#ffffff !important; content:'\\f00c' }\n\t<\/style><\/pre>\n<ul id=\"checklist-7\" class=\"list-icon circle-yes list-icon-ok\">\n<li>Chassis Nuevo ISO Tanque 43 Pies<\/li>\n<\/ul>\n<pre><\/pre>\n<p>&nbsp;<\/p>\n<h2 style=\"text-align: center;\"><span style=\"color: #3ca4a3;\"><strong>Chassis Nuevos ISO Generadores 30 Pies<\/strong><\/span><\/h2>\n<pre><style type='text\/css'>\n\t#checklist-8 li:before{color:#ffffff !important; content:'\\f00c' }\n\t<\/style><\/pre>\n<ul id=\"checklist-8\" class=\"list-icon circle-yes list-icon-ok\">\n<li>Chassis Cuello Ganzo 30\u2032 Contenedor Generador<\/li>\n<\/ul>\n<pre><\/pre>\n<p>&nbsp;<\/p>\n<h2 style=\"text-align: center;\"><span style=\"color: #3ca4a3;\"><strong>Chassis Nuevos B-train contenedores 20\u2032<\/strong><\/span><\/h2>\n<pre><style type='text\/css'>\n\t#checklist-9 li:before{color:#ffffff !important; content:'\\f00c' }\n\t<\/style><\/pre>\n<ul id=\"checklist-9\" class=\"list-icon circle-no list-icon-ok\">\n<li>Chassis Nuevo Combinacion Dos Chassis B-Train<\/li>\n<\/ul>\n<pre><\/pre>\n<p>&nbsp;<\/p>\n<h2 style=\"text-align: center;\"><span style=\"color: #3ca4a3;\"><strong>Otros Chassis Trailers<\/strong><\/span><\/h2>\n<pre><style type='text\/css'>\n\t#checklist-10 li:before{color:#ffffff !important; content:'\\f00c' }\n\t<\/style><\/pre>\n<ul id=\"checklist-10\" class=\"list-icon circle-yes list-icon-ok\">\n<li>Chassis Trailer expandible de 28\u2019- 40\u2019 transportar tubos o postes madera<\/li>\n<li>Chassis 42\u20199\u2033 ISO Tanque 20\u2032 2 Ejes<\/li>\n<li>Chassis nuevo de 53 pies con 4 ejes<\/li>\n<li>Trailer PX 60 para transportar paneles de concreto<\/li>\n<\/ul>\n<pre><\/pre>\n<\/div><div class=\"clearboth\"><\/div>\n<span class=\"dropcap\">C<\/span>heetah puede fabricar chassis bajo especificaciones del cliente. Ofrecemos mas de 31 models de chassis. Cheetah-Sttick ha fabricado chassis para las compan\u00edas navieras m\u00e1s grandes del mundo. La f\u00e1brica Cheetah esta ubicada en Berwick Pennsylavania USA.<\/p>\n<p>Nosotros exportamos Chassis Portacontendores Nuevos a M\u00e9xico, Rep\u00fablica Dominicana, Uruguay, Venezuela, Costa Rica, Guatemala, Nicaragua, Honduras, El Salvador, Panama, Colombia, Ecuador, Peru, Chile, Bolivia, Argentina, Brazil, Paraguay, Puerto Rico, Africa, Bahamas y todas las Islas del Caribe.<\/p>\n<pre><img loading=\"lazy\" decoding=\"async\" class=\"aligncenter size-full wp-image-4721\" alt=\"chassis-porta-contenedores-nuevos\" src=\"http:\/\/www.imgcommerce.com\/es\/wp-content\/uploads\/2014\/03\/img-portacontenedores-footer.jpg\" width=\"942\" height=\"150\" \/><\/pre>\n<div class=\"clearboth\"><\/div><div class=\"demo-sep sep-none\" style=\"margin-top:-40px;\"><\/div>\n","protected":false},"excerpt":{"rendered":"<p>Chassis Porta Contenedores Nuevos IMG International Commerce CO, LLC vende Chassis Porta Contenedores Nuevos Dealer-Distribuidor autorizado para Latino Am\u00e9rica de: Chassis marca Cheetah. International Commerce CO. LLC, es un vendedor y exportador al por mayor de Chassis Porta Contenedores Nuevos de alta calidad. Mantenemos un gran inventario de chassis portacontenedores nuevos en nuestros patios de [&hellip;]<\/p>\n","protected":false},"author":2,"featured_media":0,"parent":0,"menu_order":12,"comment_status":"closed","ping_status":"closed","template":"","meta":{"_exactmetrics_skip_tracking":false,"_exactmetrics_sitenote_active":false,"_exactmetrics_sitenote_note":"","_exactmetrics_sitenote_category":0,"footnotes":""},"class_list":["post-54","page","type-page","status-publish","hentry"],"yoast_head":"<!-- This site is optimized with the Yoast SEO plugin v27.4 - https:\/\/yoast.com\/product\/yoast-seo-wordpress\/ -->\n<title>Chassis Porta Contenedores Nuevos para Venta, Portacontenedores Nuevos<\/title>\n<meta name=\"description\" content=\"Chassis Porta Contenedores Nuevos Cuello de ganzo - Distribuidor Autorizado y Exportador de Chassis Portacontenedores nuevos de Cheetah, Evans y Strick.\" \/>\n<meta name=\"robots\" content=\"index, follow, max-snippet:-1, max-image-preview:large, max-video-preview:-1\" \/>\n<link rel=\"canonical\" href=\"http:\/\/www.imgcommerce.com\/es\/chassis-porta-contenedores-nuevos\/\" \/>\n<meta property=\"og:locale\" content=\"en_US\" \/>\n<meta property=\"og:type\" content=\"article\" \/>\n<meta property=\"og:title\" content=\"Chassis Porta Contenedores Nuevos para Venta, Portacontenedores Nuevos\" \/>\n<meta property=\"og:description\" content=\"Chassis Porta Contenedores Nuevos Cuello de ganzo - Distribuidor Autorizado y Exportador de Chassis Portacontenedores nuevos de Cheetah, Evans y Strick.\" \/>\n<meta property=\"og:url\" content=\"http:\/\/www.imgcommerce.com\/es\/chassis-porta-contenedores-nuevos\/\" \/>\n<meta property=\"og:site_name\" content=\"IMG Commerce ESP\" \/>\n<meta property=\"article:modified_time\" content=\"2014-03-16T16:24:33+00:00\" \/>\n<meta property=\"og:image\" content=\"http:\/\/www.imgcommerce.com\/es\/wp-content\/uploads\/2014\/03\/chassis-portacontenedores-logos.png\" \/>\n<meta name=\"twitter:card\" content=\"summary_large_image\" \/>\n<meta name=\"twitter:label1\" content=\"Est. reading time\" \/>\n\t<meta name=\"twitter:data1\" content=\"3 minutes\" \/>\n<script type=\"application\/ld+json\" class=\"yoast-schema-graph\">{\"@context\":\"https:\\\/\\\/schema.org\",\"@graph\":[{\"@type\":\"WebPage\",\"@id\":\"http:\\\/\\\/www.imgcommerce.com\\\/es\\\/chassis-porta-contenedores-nuevos\\\/\",\"url\":\"http:\\\/\\\/www.imgcommerce.com\\\/es\\\/chassis-porta-contenedores-nuevos\\\/\",\"name\":\"Chassis Porta Contenedores Nuevos para Venta, Portacontenedores Nuevos\",\"isPartOf\":{\"@id\":\"https:\\\/\\\/www.imgcommerce.com\\\/es\\\/#website\"},\"primaryImageOfPage\":{\"@id\":\"http:\\\/\\\/www.imgcommerce.com\\\/es\\\/chassis-porta-contenedores-nuevos\\\/#primaryimage\"},\"image\":{\"@id\":\"http:\\\/\\\/www.imgcommerce.com\\\/es\\\/chassis-porta-contenedores-nuevos\\\/#primaryimage\"},\"thumbnailUrl\":\"http:\\\/\\\/www.imgcommerce.com\\\/es\\\/wp-content\\\/uploads\\\/2014\\\/03\\\/chassis-portacontenedores-logos.png\",\"datePublished\":\"2014-03-08T19:35:04+00:00\",\"dateModified\":\"2014-03-16T16:24:33+00:00\",\"description\":\"Chassis Porta Contenedores Nuevos Cuello de ganzo - Distribuidor Autorizado y Exportador de Chassis Portacontenedores nuevos de Cheetah, Evans y Strick.\",\"breadcrumb\":{\"@id\":\"http:\\\/\\\/www.imgcommerce.com\\\/es\\\/chassis-porta-contenedores-nuevos\\\/#breadcrumb\"},\"inLanguage\":\"en-US\",\"potentialAction\":[{\"@type\":\"ReadAction\",\"target\":[\"http:\\\/\\\/www.imgcommerce.com\\\/es\\\/chassis-porta-contenedores-nuevos\\\/\"]}]},{\"@type\":\"ImageObject\",\"inLanguage\":\"en-US\",\"@id\":\"http:\\\/\\\/www.imgcommerce.com\\\/es\\\/chassis-porta-contenedores-nuevos\\\/#primaryimage\",\"url\":\"http:\\\/\\\/www.imgcommerce.com\\\/es\\\/wp-content\\\/uploads\\\/2014\\\/03\\\/chassis-portacontenedores-logos.png\",\"contentUrl\":\"http:\\\/\\\/www.imgcommerce.com\\\/es\\\/wp-content\\\/uploads\\\/2014\\\/03\\\/chassis-portacontenedores-logos.png\",\"width\":480,\"height\":60},{\"@type\":\"BreadcrumbList\",\"@id\":\"http:\\\/\\\/www.imgcommerce.com\\\/es\\\/chassis-porta-contenedores-nuevos\\\/#breadcrumb\",\"itemListElement\":[{\"@type\":\"ListItem\",\"position\":1,\"name\":\"Home\",\"item\":\"https:\\\/\\\/www.imgcommerce.com\\\/es\\\/\"},{\"@type\":\"ListItem\",\"position\":2,\"name\":\"Chassis Porta Contenedores Nuevos\"}]},{\"@type\":\"WebSite\",\"@id\":\"https:\\\/\\\/www.imgcommerce.com\\\/es\\\/#website\",\"url\":\"https:\\\/\\\/www.imgcommerce.com\\\/es\\\/\",\"name\":\"IMG Commerce ESP\",\"description\":\"\",\"potentialAction\":[{\"@type\":\"SearchAction\",\"target\":{\"@type\":\"EntryPoint\",\"urlTemplate\":\"https:\\\/\\\/www.imgcommerce.com\\\/es\\\/?s={search_term_string}\"},\"query-input\":{\"@type\":\"PropertyValueSpecification\",\"valueRequired\":true,\"valueName\":\"search_term_string\"}}],\"inLanguage\":\"en-US\"}]}<\/script>\n<!-- \/ Yoast SEO plugin. -->","yoast_head_json":{"title":"Chassis Porta Contenedores Nuevos para Venta, Portacontenedores Nuevos","description":"Chassis Porta Contenedores Nuevos Cuello de ganzo - Distribuidor Autorizado y Exportador de Chassis Portacontenedores nuevos de Cheetah, Evans y Strick.","robots":{"index":"index","follow":"follow","max-snippet":"max-snippet:-1","max-image-preview":"max-image-preview:large","max-video-preview":"max-video-preview:-1"},"canonical":"http:\/\/www.imgcommerce.com\/es\/chassis-porta-contenedores-nuevos\/","og_locale":"en_US","og_type":"article","og_title":"Chassis Porta Contenedores Nuevos para Venta, Portacontenedores Nuevos","og_description":"Chassis Porta Contenedores Nuevos Cuello de ganzo - Distribuidor Autorizado y Exportador de Chassis Portacontenedores nuevos de Cheetah, Evans y Strick.","og_url":"http:\/\/www.imgcommerce.com\/es\/chassis-porta-contenedores-nuevos\/","og_site_name":"IMG Commerce ESP","article_modified_time":"2014-03-16T16:24:33+00:00","og_image":[{"url":"http:\/\/www.imgcommerce.com\/es\/wp-content\/uploads\/2014\/03\/chassis-portacontenedores-logos.png","type":"","width":"","height":""}],"twitter_card":"summary_large_image","twitter_misc":{"Est. reading time":"3 minutes"},"schema":{"@context":"https:\/\/schema.org","@graph":[{"@type":"WebPage","@id":"http:\/\/www.imgcommerce.com\/es\/chassis-porta-contenedores-nuevos\/","url":"http:\/\/www.imgcommerce.com\/es\/chassis-porta-contenedores-nuevos\/","name":"Chassis Porta Contenedores Nuevos para Venta, Portacontenedores Nuevos","isPartOf":{"@id":"https:\/\/www.imgcommerce.com\/es\/#website"},"primaryImageOfPage":{"@id":"http:\/\/www.imgcommerce.com\/es\/chassis-porta-contenedores-nuevos\/#primaryimage"},"image":{"@id":"http:\/\/www.imgcommerce.com\/es\/chassis-porta-contenedores-nuevos\/#primaryimage"},"thumbnailUrl":"http:\/\/www.imgcommerce.com\/es\/wp-content\/uploads\/2014\/03\/chassis-portacontenedores-logos.png","datePublished":"2014-03-08T19:35:04+00:00","dateModified":"2014-03-16T16:24:33+00:00","description":"Chassis Porta Contenedores Nuevos Cuello de ganzo - Distribuidor Autorizado y Exportador de Chassis Portacontenedores nuevos de Cheetah, Evans y Strick.","breadcrumb":{"@id":"http:\/\/www.imgcommerce.com\/es\/chassis-porta-contenedores-nuevos\/#breadcrumb"},"inLanguage":"en-US","potentialAction":[{"@type":"ReadAction","target":["http:\/\/www.imgcommerce.com\/es\/chassis-porta-contenedores-nuevos\/"]}]},{"@type":"ImageObject","inLanguage":"en-US","@id":"http:\/\/www.imgcommerce.com\/es\/chassis-porta-contenedores-nuevos\/#primaryimage","url":"http:\/\/www.imgcommerce.com\/es\/wp-content\/uploads\/2014\/03\/chassis-portacontenedores-logos.png","contentUrl":"http:\/\/www.imgcommerce.com\/es\/wp-content\/uploads\/2014\/03\/chassis-portacontenedores-logos.png","width":480,"height":60},{"@type":"BreadcrumbList","@id":"http:\/\/www.imgcommerce.com\/es\/chassis-porta-contenedores-nuevos\/#breadcrumb","itemListElement":[{"@type":"ListItem","position":1,"name":"Home","item":"https:\/\/www.imgcommerce.com\/es\/"},{"@type":"ListItem","position":2,"name":"Chassis Porta Contenedores Nuevos"}]},{"@type":"WebSite","@id":"https:\/\/www.imgcommerce.com\/es\/#website","url":"https:\/\/www.imgcommerce.com\/es\/","name":"IMG Commerce ESP","description":"","potentialAction":[{"@type":"SearchAction","target":{"@type":"EntryPoint","urlTemplate":"https:\/\/www.imgcommerce.com\/es\/?s={search_term_string}"},"query-input":{"@type":"PropertyValueSpecification","valueRequired":true,"valueName":"search_term_string"}}],"inLanguage":"en-US"}]}},"_links":{"self":[{"href":"http:\/\/www.imgcommerce.com\/es\/wp-json\/wp\/v2\/pages\/54","targetHints":{"allow":["GET"]}}],"collection":[{"href":"http:\/\/www.imgcommerce.com\/es\/wp-json\/wp\/v2\/pages"}],"about":[{"href":"http:\/\/www.imgcommerce.com\/es\/wp-json\/wp\/v2\/types\/page"}],"author":[{"embeddable":true,"href":"http:\/\/www.imgcommerce.com\/es\/wp-json\/wp\/v2\/users\/2"}],"replies":[{"embeddable":true,"href":"http:\/\/www.imgcommerce.com\/es\/wp-json\/wp\/v2\/comments?post=54"}],"version-history":[{"count":0,"href":"http:\/\/www.imgcommerce.com\/es\/wp-json\/wp\/v2\/pages\/54\/revisions"}],"wp:attachment":[{"href":"http:\/\/www.imgcommerce.com\/es\/wp-json\/wp\/v2\/media?parent=54"}],"curies":[{"name":"wp","href":"https:\/\/api.w.org\/{rel}","templated":true}]}}