{"id":56,"date":"2014-03-08T19:35:37","date_gmt":"2014-03-08T19:35:37","guid":{"rendered":"http:\/\/seonifty.net\/clients\/img2\/es\/?page_id=56"},"modified":"2014-03-16T16:23:01","modified_gmt":"2014-03-16T16:23:01","slug":"trailers-refrigerados-usados","status":"publish","type":"page","link":"http:\/\/www.imgcommerce.com\/es\/trailers-refrigerados-usados\/","title":{"rendered":"Trailers Refrigerados Usados"},"content":{"rendered":"<pre><div class=\"clearboth\"><\/div><div class=\"demo-sep sep-none\" style=\"margin-top:-60px;\"><\/div><\/pre>\n<h1 style=\"text-align: center;\"><span style=\"color: #3ca4a3;\">Trailers Refrigerados Usados &#8211; Camaras Frigorificas &#8211; Reefer Trailer<\/span><\/h1>\n<pre><div class=\"clearboth\"><\/div><div class=\"demo-sep sep-none\" style=\"margin-top:-20px;\"><\/div><\/pre>\n<h2 style=\"text-align: center;\">IMG International Commerce Co, LLC exporta Trailers Refrigerados con unidades de refrigeraci\u00f3n marca Thermo King o marca Carrier.<\/h2>\n<div class=\"clearboth\"><\/div><div class=\"demo-sep sep-shadow\" style=\"margin-top:20px;margin-bottom:20px;\"><\/div>\n<span class=\"dropcap\">IMG<\/span><span style=\"color: #000000;\"><strong>International Commerce CO LLC<\/strong><\/span>,  vende y exporta trailers refrigerados; llamados tambien, C\u00e1maras frigor\u00edficas, Furgon refrigerado o Trailer Reefer. Los cuales se utilizan para transportar productos frescos, refrigerados o congelados como: Flores, frutas, lacteos, vegetales, helados, etc.<\/p>\n<div class=\"flexslider clearfix\" style=\"max-width:100%;height:100%;\"><ul class=\"slides\">\n<li class=\"image\"><img decoding=\"async\" src=\"http:\/\/www.imgcommerce.com\/es\/wp-content\/uploads\/2014\/03\/trailers-refrigerados-usados-1.jpg\" alt=\"\" \/><\/li>\n<li class=\"image\"><img decoding=\"async\" src=\"http:\/\/www.imgcommerce.com\/es\/wp-content\/uploads\/2014\/03\/trailers-refrigerados-usados-2.jpg\" alt=\"\" \/><\/li><\/ul><\/div>\n<pre><div class=\"clearboth\"><\/div><div class=\"demo-sep sep-none\" style=\"margin-top:-40px;\"><\/div><\/pre>\n<blockquote><p>Gran selecci\u00f3n de Trailers Refrigerados Usados (Reefer Trailers) de las marcas: Great Dane, Utility, Wabash, Dorsey, Kidron, Trailmobile, etc.<\/p><\/blockquote>\n<span class=\"dropcap\">S<\/span>omos una compa\u00f1\u00eda profesional sirviendo a clientes en todo el mundo, exportamos trailers refrigerados  a  M\u00e9xico, Rep\u00fablica Dominicana, Puerto Rico, Bahamas, Jamaica, Costa Rica, Guatemala, Honduras, Panam\u00e1, El Salvador, Nicaragua, Venezuela, Colombia, Ecuador, Per\u00fa, Chile, Uruguay, Paraguay, Rusia, Angola, Nigeria, Costa de Marfil, Hait\u00ed, Arabia Saudita, Serbia, nos encantar\u00eda que usted tambi\u00e9n sea nuestro cliente.<\/p>\n<h2 style=\"text-align: center;\"><span style=\"color: #3ca4a3;\">Vendemos y Exportamos Trailers Refrigerados Usados \u201cRemanufacturado o Reacondicionado&#8221; y \u201cTal y como est\u00e1n\u201d.<\/span><\/h2>\n<p><strong>Chassis Remanufacturado <\/strong><br \/>\nUn chassis que ya ha sido reparado y\/o repintado, es decir listo para ponerlo a trabajar, estos chassis podr\u00edan tener la certificaci\u00f3n FHWA.<br \/>\nTenemos chassis marca Cheetah, Strick, Hyundai, Stoughton, Monon, Wabash, Bertolini, Loadcraft, etc.<\/p>\n<p><strong>Chassis \u201cTal y como est\u00e1n\u201d<\/strong><br \/>\nUn chassis porta contenedor usado en buenas condiciones que necesita m\u00ednima reparaci\u00f3n o necesita ser pintado. Algunos chassis portacontenedores pueden tener la certificaci\u00f3n FHWA.<br \/>\nNosotros usualmente vendemos los chassis en atados de 5 chassis, pero nos acomodaremos a sus necesidades. Exportamos chassis a todo el mundo.<\/p>\n<div class=\"one_third\"><div class=\"accordian\"><\/div>\n<style type='text\/css'>\n\t#checklist-1 li:before{color:#ffffff !important;  }\n\t<\/style>\n<ul id=\"checklist-1\" class=\"list-icon circle-yes list-icon-arrow\">\n<li>Largo: de 45\u2019- 48\u2019 o 53 pies.<\/li>\n<li>Ancho: 96\u201d o 102\u201d pulgadas.<\/li>\n<li>Suspensi\u00f3n: de Aire.<\/li>\n<li>Piso: Aluminum<\/li>\n<li>Unidades de Refrigeraci\u00f3n: Marca Thermo king o Carrier.<\/li>\n<\/ul>\n\n<\/div>\n<div class=\"one_third\">\n<div class=\"accordian\">\n<h5 class=\"toggle \"><a href=\"#\"><span class=\"arrow\"><\/span>CHASSIS USADOS<\/a><\/h5><div class=\"toggle-content \" style=\"display: none;\">Todos los Chassis en excelentes condiciones. <a href=\"\/es\/chassis-porta-contenedores-usados\/\/\">Leer M\u00e1s <\/a><\/div>\n<h5 class=\"toggle \"><a href=\"#\"><span class=\"arrow\"><\/span>CHASSIS NUEVOS<\/a><\/h5><div class=\"toggle-content \" style=\"display: none;\">Vendemos y exportamos Chassis Cheetah. <a href=\"\/es\/chassis-porta-contenedores-nuevos\/\">Leer M\u00e1s <\/a><\/div>\n<h5 class=\"toggle \"><a href=\"#\"><span class=\"arrow\"><\/span>INVENTARIO PARA VENTA<\/a><\/h5><div class=\"toggle-content \" style=\"display: none;\">Gran selecci\u00f3n de Chassis listos para trabajar. <a href=\"\/es\/chassis-porta-contenedores\/\">Leer M\u00e1s <\/a><\/div>\n<\/div>\n<\/div>\n<div class=\"one_third last\">\n<p style=\"text-align: center;\"><img loading=\"lazy\" decoding=\"async\" class=\"aligncenter size-full wp-image-3170\" alt=\"final-centro\" src=\"http:\/\/www.imgcommerce.com\/es\/wp-content\/uploads\/2014\/03\/img-commerce-co-llc.jpg\" width=\"704\" height=\"391\" \/><\/p>\n<\/div><div class=\"clearboth\"><\/div>\n<pre><img loading=\"lazy\" decoding=\"async\" class=\"aligncenter size-full wp-image-4721\" alt=\"img-container-chassis-footer\" src=\"http:\/\/www.imgcommerce.com\/es\/wp-content\/uploads\/2014\/03\/img-portacontenedores-footer.jpg\" width=\"942\" height=\"150\" \/><\/pre>\n<div class=\"clearboth\"><\/div><div class=\"demo-sep sep-none\" style=\"margin-top:-40px;\"><\/div>\n","protected":false},"excerpt":{"rendered":"<p>Trailers Refrigerados Usados &#8211; Camaras Frigorificas &#8211; Reefer Trailer IMG International Commerce Co, LLC exporta Trailers Refrigerados con unidades de refrigeraci\u00f3n marca Thermo King o marca Carrier. International Commerce CO LLC, vende y exporta trailers refrigerados; llamados tambien, C\u00e1maras frigor\u00edficas, Furgon refrigerado o Trailer Reefer. Los cuales se utilizan para transportar productos frescos, refrigerados o [&hellip;]<\/p>\n","protected":false},"author":2,"featured_media":0,"parent":0,"menu_order":8,"comment_status":"closed","ping_status":"closed","template":"","meta":{"_exactmetrics_skip_tracking":false,"_exactmetrics_sitenote_active":false,"_exactmetrics_sitenote_note":"","_exactmetrics_sitenote_category":0,"footnotes":""},"class_list":["post-56","page","type-page","status-publish","hentry"],"yoast_head":"<!-- This site is optimized with the Yoast SEO plugin v27.4 - https:\/\/yoast.com\/product\/yoast-seo-wordpress\/ -->\n<title>Trailers Refrigerados Usados Para La Venta \u2013 Trailer Refrigerado usado<\/title>\n<meta name=\"description\" content=\"Trailers Refrigerados Usados Para La Venta, IMG International Commerce Co vende Trailers Refrigerados o FURGONES refrigerados usados, Thermo King o Carrier.\" \/>\n<meta name=\"robots\" content=\"index, follow, max-snippet:-1, max-image-preview:large, max-video-preview:-1\" \/>\n<link rel=\"canonical\" href=\"https:\/\/www.imgcommerce.com\/es\/trailers-refrigerados-usados\/\" \/>\n<meta property=\"og:locale\" content=\"en_US\" \/>\n<meta property=\"og:type\" content=\"article\" \/>\n<meta property=\"og:title\" content=\"Trailers Refrigerados Usados Para La Venta \u2013 Trailer Refrigerado usado\" \/>\n<meta property=\"og:description\" content=\"Trailers Refrigerados Usados Para La Venta, IMG International Commerce Co vende Trailers Refrigerados o FURGONES refrigerados usados, Thermo King o Carrier.\" \/>\n<meta property=\"og:url\" content=\"https:\/\/www.imgcommerce.com\/es\/trailers-refrigerados-usados\/\" \/>\n<meta property=\"og:site_name\" content=\"IMG Commerce ESP\" \/>\n<meta property=\"article:modified_time\" content=\"2014-03-16T16:23:01+00:00\" \/>\n<meta property=\"og:image\" content=\"http:\/\/www.imgcommerce.com\/es\/wp-content\/uploads\/2014\/03\/img-commerce-co-llc.jpg\" \/>\n<meta name=\"twitter:card\" content=\"summary_large_image\" \/>\n<meta name=\"twitter:label1\" content=\"Est. reading time\" \/>\n\t<meta name=\"twitter:data1\" content=\"2 minutes\" \/>\n<script type=\"application\/ld+json\" class=\"yoast-schema-graph\">{\"@context\":\"https:\\\/\\\/schema.org\",\"@graph\":[{\"@type\":\"WebPage\",\"@id\":\"https:\\\/\\\/www.imgcommerce.com\\\/es\\\/trailers-refrigerados-usados\\\/\",\"url\":\"https:\\\/\\\/www.imgcommerce.com\\\/es\\\/trailers-refrigerados-usados\\\/\",\"name\":\"Trailers Refrigerados Usados Para La Venta \u2013 Trailer Refrigerado usado\",\"isPartOf\":{\"@id\":\"https:\\\/\\\/www.imgcommerce.com\\\/es\\\/#website\"},\"primaryImageOfPage\":{\"@id\":\"https:\\\/\\\/www.imgcommerce.com\\\/es\\\/trailers-refrigerados-usados\\\/#primaryimage\"},\"image\":{\"@id\":\"https:\\\/\\\/www.imgcommerce.com\\\/es\\\/trailers-refrigerados-usados\\\/#primaryimage\"},\"thumbnailUrl\":\"http:\\\/\\\/www.imgcommerce.com\\\/es\\\/wp-content\\\/uploads\\\/2014\\\/03\\\/img-commerce-co-llc.jpg\",\"datePublished\":\"2014-03-08T19:35:37+00:00\",\"dateModified\":\"2014-03-16T16:23:01+00:00\",\"description\":\"Trailers Refrigerados Usados Para La Venta, IMG International Commerce Co vende Trailers Refrigerados o FURGONES refrigerados usados, Thermo King o Carrier.\",\"breadcrumb\":{\"@id\":\"https:\\\/\\\/www.imgcommerce.com\\\/es\\\/trailers-refrigerados-usados\\\/#breadcrumb\"},\"inLanguage\":\"en-US\",\"potentialAction\":[{\"@type\":\"ReadAction\",\"target\":[\"https:\\\/\\\/www.imgcommerce.com\\\/es\\\/trailers-refrigerados-usados\\\/\"]}]},{\"@type\":\"ImageObject\",\"inLanguage\":\"en-US\",\"@id\":\"https:\\\/\\\/www.imgcommerce.com\\\/es\\\/trailers-refrigerados-usados\\\/#primaryimage\",\"url\":\"http:\\\/\\\/www.imgcommerce.com\\\/es\\\/wp-content\\\/uploads\\\/2014\\\/03\\\/img-commerce-co-llc.jpg\",\"contentUrl\":\"http:\\\/\\\/www.imgcommerce.com\\\/es\\\/wp-content\\\/uploads\\\/2014\\\/03\\\/img-commerce-co-llc.jpg\",\"width\":202,\"height\":188},{\"@type\":\"BreadcrumbList\",\"@id\":\"https:\\\/\\\/www.imgcommerce.com\\\/es\\\/trailers-refrigerados-usados\\\/#breadcrumb\",\"itemListElement\":[{\"@type\":\"ListItem\",\"position\":1,\"name\":\"Home\",\"item\":\"https:\\\/\\\/www.imgcommerce.com\\\/es\\\/\"},{\"@type\":\"ListItem\",\"position\":2,\"name\":\"Trailers Refrigerados Usados\"}]},{\"@type\":\"WebSite\",\"@id\":\"https:\\\/\\\/www.imgcommerce.com\\\/es\\\/#website\",\"url\":\"https:\\\/\\\/www.imgcommerce.com\\\/es\\\/\",\"name\":\"IMG Commerce ESP\",\"description\":\"\",\"potentialAction\":[{\"@type\":\"SearchAction\",\"target\":{\"@type\":\"EntryPoint\",\"urlTemplate\":\"https:\\\/\\\/www.imgcommerce.com\\\/es\\\/?s={search_term_string}\"},\"query-input\":{\"@type\":\"PropertyValueSpecification\",\"valueRequired\":true,\"valueName\":\"search_term_string\"}}],\"inLanguage\":\"en-US\"}]}<\/script>\n<!-- \/ Yoast SEO plugin. -->","yoast_head_json":{"title":"Trailers Refrigerados Usados Para La Venta \u2013 Trailer Refrigerado usado","description":"Trailers Refrigerados Usados Para La Venta, IMG International Commerce Co vende Trailers Refrigerados o FURGONES refrigerados usados, Thermo King o Carrier.","robots":{"index":"index","follow":"follow","max-snippet":"max-snippet:-1","max-image-preview":"max-image-preview:large","max-video-preview":"max-video-preview:-1"},"canonical":"https:\/\/www.imgcommerce.com\/es\/trailers-refrigerados-usados\/","og_locale":"en_US","og_type":"article","og_title":"Trailers Refrigerados Usados Para La Venta \u2013 Trailer Refrigerado usado","og_description":"Trailers Refrigerados Usados Para La Venta, IMG International Commerce Co vende Trailers Refrigerados o FURGONES refrigerados usados, Thermo King o Carrier.","og_url":"https:\/\/www.imgcommerce.com\/es\/trailers-refrigerados-usados\/","og_site_name":"IMG Commerce ESP","article_modified_time":"2014-03-16T16:23:01+00:00","og_image":[{"url":"http:\/\/www.imgcommerce.com\/es\/wp-content\/uploads\/2014\/03\/img-commerce-co-llc.jpg","type":"","width":"","height":""}],"twitter_card":"summary_large_image","twitter_misc":{"Est. reading time":"2 minutes"},"schema":{"@context":"https:\/\/schema.org","@graph":[{"@type":"WebPage","@id":"https:\/\/www.imgcommerce.com\/es\/trailers-refrigerados-usados\/","url":"https:\/\/www.imgcommerce.com\/es\/trailers-refrigerados-usados\/","name":"Trailers Refrigerados Usados Para La Venta \u2013 Trailer Refrigerado usado","isPartOf":{"@id":"https:\/\/www.imgcommerce.com\/es\/#website"},"primaryImageOfPage":{"@id":"https:\/\/www.imgcommerce.com\/es\/trailers-refrigerados-usados\/#primaryimage"},"image":{"@id":"https:\/\/www.imgcommerce.com\/es\/trailers-refrigerados-usados\/#primaryimage"},"thumbnailUrl":"http:\/\/www.imgcommerce.com\/es\/wp-content\/uploads\/2014\/03\/img-commerce-co-llc.jpg","datePublished":"2014-03-08T19:35:37+00:00","dateModified":"2014-03-16T16:23:01+00:00","description":"Trailers Refrigerados Usados Para La Venta, IMG International Commerce Co vende Trailers Refrigerados o FURGONES refrigerados usados, Thermo King o Carrier.","breadcrumb":{"@id":"https:\/\/www.imgcommerce.com\/es\/trailers-refrigerados-usados\/#breadcrumb"},"inLanguage":"en-US","potentialAction":[{"@type":"ReadAction","target":["https:\/\/www.imgcommerce.com\/es\/trailers-refrigerados-usados\/"]}]},{"@type":"ImageObject","inLanguage":"en-US","@id":"https:\/\/www.imgcommerce.com\/es\/trailers-refrigerados-usados\/#primaryimage","url":"http:\/\/www.imgcommerce.com\/es\/wp-content\/uploads\/2014\/03\/img-commerce-co-llc.jpg","contentUrl":"http:\/\/www.imgcommerce.com\/es\/wp-content\/uploads\/2014\/03\/img-commerce-co-llc.jpg","width":202,"height":188},{"@type":"BreadcrumbList","@id":"https:\/\/www.imgcommerce.com\/es\/trailers-refrigerados-usados\/#breadcrumb","itemListElement":[{"@type":"ListItem","position":1,"name":"Home","item":"https:\/\/www.imgcommerce.com\/es\/"},{"@type":"ListItem","position":2,"name":"Trailers Refrigerados Usados"}]},{"@type":"WebSite","@id":"https:\/\/www.imgcommerce.com\/es\/#website","url":"https:\/\/www.imgcommerce.com\/es\/","name":"IMG Commerce ESP","description":"","potentialAction":[{"@type":"SearchAction","target":{"@type":"EntryPoint","urlTemplate":"https:\/\/www.imgcommerce.com\/es\/?s={search_term_string}"},"query-input":{"@type":"PropertyValueSpecification","valueRequired":true,"valueName":"search_term_string"}}],"inLanguage":"en-US"}]}},"_links":{"self":[{"href":"http:\/\/www.imgcommerce.com\/es\/wp-json\/wp\/v2\/pages\/56","targetHints":{"allow":["GET"]}}],"collection":[{"href":"http:\/\/www.imgcommerce.com\/es\/wp-json\/wp\/v2\/pages"}],"about":[{"href":"http:\/\/www.imgcommerce.com\/es\/wp-json\/wp\/v2\/types\/page"}],"author":[{"embeddable":true,"href":"http:\/\/www.imgcommerce.com\/es\/wp-json\/wp\/v2\/users\/2"}],"replies":[{"embeddable":true,"href":"http:\/\/www.imgcommerce.com\/es\/wp-json\/wp\/v2\/comments?post=56"}],"version-history":[{"count":0,"href":"http:\/\/www.imgcommerce.com\/es\/wp-json\/wp\/v2\/pages\/56\/revisions"}],"wp:attachment":[{"href":"http:\/\/www.imgcommerce.com\/es\/wp-json\/wp\/v2\/media?parent=56"}],"curies":[{"name":"wp","href":"https:\/\/api.w.org\/{rel}","templated":true}]}}