{"id":70,"date":"2014-03-08T19:40:57","date_gmt":"2014-03-08T19:40:57","guid":{"rendered":"http:\/\/seonifty.net\/clients\/img2\/es\/?page_id=70"},"modified":"2014-03-16T16:24:03","modified_gmt":"2014-03-16T16:24:03","slug":"dollies-usados","status":"publish","type":"page","link":"http:\/\/www.imgcommerce.com\/es\/dollies-usados\/","title":{"rendered":"Dollies Usados"},"content":{"rendered":"<pre><div class=\"clearboth\"><\/div><div class=\"demo-sep sep-none\" style=\"margin-top:-60px;\"><\/div><\/pre>\n<h1 style=\"text-align: center;\"><span style=\"color: #3ca4a3;\">Dollies Usados para la venta (Gen Sets)<\/span><\/h1>\n<pre><div class=\"clearboth\"><\/div><div class=\"demo-sep sep-none\" style=\"margin-top:-20px;\"><\/div><\/pre>\n<h2 style=\"text-align: center;\">IMG International Commerce Co, LLC exporta Dollies Usados de un eje y Dolly usados de dos ejes.<\/h2>\n<div class=\"clearboth\"><\/div><div class=\"demo-sep sep-shadow\" style=\"margin-top:20px;margin-bottom:20px;\"><\/div>\n<div class=\"flexslider clearfix\" style=\"max-width:100%;height:100%;\"><ul class=\"slides\">\n<li class=\"image\"><img decoding=\"async\" src=\"http:\/\/www.imgcommerce.com\/es\/wp-content\/uploads\/2014\/03\/dollies-usados-1.jpg\" alt=\"\" \/><\/li>\n<li class=\"image\"><img decoding=\"async\" src=\"http:\/\/www.imgcommerce.com\/es\/wp-content\/uploads\/2014\/03\/dollies-usados-2.jpg\" alt=\"\" \/><\/li><\/ul><\/div>\n<pre><div class=\"clearboth\"><\/div><div class=\"demo-sep sep-none\" style=\"margin-top:-40px;\"><\/div><\/pre>\n<blockquote>\n<h3>IMG International Commerce Co, LLC tiene en Inventario una gran selecci\u00f3n de Dollies usados.<\/h3>\n<\/blockquote>\n<p><strong>IMG International Commerce CO. LLC,<\/strong> atiende profesionalmente a clientes de USA y principalmente a clientes de Latino Am\u00e9rica, actualmente estamos exportando gensets a M\u00e9xico, Rep\u00fablica Dominicana, Puerto Rico, Bahamas, Jamaica, Costa Rica, Guatemala, Honduras, Panam\u00e1, El Salvador, Nicaragua, Venezuela, Colombia, Ecuador, Per\u00fa, Chile, Uruguay, Paraguay, Rusia, Angola, Nigeria, Costa de Marfil, Vietnam, Trinidad y Tobago, Hait\u00ed, Arabia Saudita, Serbia entre otros pa\u00edses.<\/p>\n<h2 style=\"text-align: center;\"><span style=\"color: #3ca4a3;\">Vendemos y Exportamos Dollies Usados \u201cRemanufacturado o Reacondicionado&#8221; y \u201cTal y como est\u00e1n\u201d.<\/span><\/h2>\n<p><strong>Chassis Remanufacturado <\/strong><br \/>\nUn chassis que ya ha sido reparado y\/o repintado, es decir listo para ponerlo a trabajar, estos chassis podr\u00edan tener la certificaci\u00f3n FHWA.<br \/>\nTenemos chassis marca Cheetah, Strick, Hyundai, Stoughton, Monon, Wabash, Bertolini, Loadcraft, etc.<\/p>\n<p><strong>Chassis \u201cTal y como est\u00e1n\u201d<\/strong><br \/>\nUn chassis porta contenedor usado en buenas condiciones que necesita m\u00ednima reparaci\u00f3n o necesita ser pintado. Algunos chassis portacontenedores pueden tener la certificaci\u00f3n FHWA.<br \/>\nNosotros usualmente vendemos los chassis en atados de 5 chassis, pero nos acomodaremos a sus necesidades. Exportamos chassis a todo el mundo.<br \/>\n<div class=\"one_third\"><div class=\"accordian\"><\/div>\n<style type='text\/css'>\n\t#checklist-1 li:before{color:#ffffff !important;  }\n\t<\/style>\n<ul id=\"checklist-1\" class=\"list-icon circle-yes list-icon-arrow\">\n<li>Marca Strick, Cheetah, Great Dane, Factory made, Pines, etc.<\/li>\n<li>Suspensi\u00f3n de Muelles o Suspensi\u00f3n de Aire.<\/li>\n<li>Suspensi\u00f3n de Muelles o Suspensi\u00f3n de Aire.<\/li>\n<li>Con frenos ABS o sin Frenos ABS.<\/li>\n<li>Neum\u00e1ticos 10.00&#215;20\u201d o 11R22.5\u201d<\/li>\n<\/ul>\n\n<\/div>\n<div class=\"one_third\">\n<div class=\"accordian\">\n<h5 class=\"toggle active\"><a href=\"#\"><span class=\"arrow\"><\/span>CHASSIS USADOS<\/a><\/h5><div class=\"toggle-content default-open\" style=\"display: block;\">Todos los Chassis en excelentes condiciones. <a href=\"\/es\/chassis-porta-contenedores-usados\/\/\">Leer M\u00e1s <\/a><\/div>\n<h5 class=\"toggle \"><a href=\"#\"><span class=\"arrow\"><\/span>CHASSIS NUEVOS<\/a><\/h5><div class=\"toggle-content \" style=\"display: none;\">Vendemos y exportamos Chassis Cheetah. <a href=\"\/es\/chassis-porta-contenedores-nuevos\/\">Leer M\u00e1s <\/a><\/div>\n<h5 class=\"toggle \"><a href=\"#\"><span class=\"arrow\"><\/span>INVENTARIO PARA VENTA<\/a><\/h5><div class=\"toggle-content \" style=\"display: none;\">Gran selecci\u00f3n de Chassis listos para trabajar. <a href=\"\/es\/chassis-porta-contenedores\/\">Leer M\u00e1s <\/a><\/div>\n<\/div>\n<\/div>\n<div class=\"one_third last\">\n<p style=\"text-align: center;\"><img loading=\"lazy\" decoding=\"async\" class=\"aligncenter size-full wp-image-3170\" alt=\"final-centro\" src=\"http:\/\/www.imgcommerce.com\/es\/wp-content\/uploads\/2014\/03\/img-commerce-co-llc.jpg\" width=\"704\" height=\"391\" \/><\/p>\n<\/div><div class=\"clearboth\"><\/div>\n<pre><img loading=\"lazy\" decoding=\"async\" class=\"aligncenter size-full wp-image-4721\" alt=\"Generadores-Usados\" src=\"http:\/\/www.imgcommerce.com\/es\/wp-content\/uploads\/2014\/03\/img-portacontenedores-footer.jpg\" width=\"942\" height=\"150\" \/><\/pre>\n<div class=\"clearboth\"><\/div><div class=\"demo-sep sep-none\" style=\"margin-top:-40px;\"><\/div>\n","protected":false},"excerpt":{"rendered":"<p>Dollies Usados para la venta (Gen Sets) IMG International Commerce Co, LLC exporta Dollies Usados de un eje y Dolly usados de dos ejes. IMG International Commerce Co, LLC tiene en Inventario una gran selecci\u00f3n de Dollies usados. IMG International Commerce CO. LLC, atiende profesionalmente a clientes de USA y principalmente a clientes de Latino [&hellip;]<\/p>\n","protected":false},"author":2,"featured_media":0,"parent":0,"menu_order":10,"comment_status":"closed","ping_status":"closed","template":"","meta":{"_exactmetrics_skip_tracking":false,"_exactmetrics_sitenote_active":false,"_exactmetrics_sitenote_note":"","_exactmetrics_sitenote_category":0,"footnotes":""},"class_list":["post-70","page","type-page","status-publish","hentry"],"yoast_head":"<!-- This site is optimized with the Yoast SEO plugin v27.4 - https:\/\/yoast.com\/product\/yoast-seo-wordpress\/ -->\n<title>Dollies Usados Para La Venta, Dolly usado para Chassis Portacontenedor<\/title>\n<meta name=\"description\" content=\"Dollies Usados Para La Venta - IMG International Commerce Co vende Dollys remolques usados en excelentes condiciones con suspensi\u00f3n mec\u00e1nica o neum\u00e1tica.\" \/>\n<meta name=\"robots\" content=\"index, follow, max-snippet:-1, max-image-preview:large, max-video-preview:-1\" \/>\n<link rel=\"canonical\" href=\"http:\/\/www.imgcommerce.com\/es\/dollies-usados\/\" \/>\n<meta property=\"og:locale\" content=\"en_US\" \/>\n<meta property=\"og:type\" content=\"article\" \/>\n<meta property=\"og:title\" content=\"Dollies Usados Para La Venta, Dolly usado para Chassis Portacontenedor\" \/>\n<meta property=\"og:description\" content=\"Dollies Usados Para La Venta - IMG International Commerce Co vende Dollys remolques usados en excelentes condiciones con suspensi\u00f3n mec\u00e1nica o neum\u00e1tica.\" \/>\n<meta property=\"og:url\" content=\"http:\/\/www.imgcommerce.com\/es\/dollies-usados\/\" \/>\n<meta property=\"og:site_name\" content=\"IMG Commerce ESP\" \/>\n<meta property=\"article:modified_time\" content=\"2014-03-16T16:24:03+00:00\" \/>\n<meta property=\"og:image\" content=\"http:\/\/www.imgcommerce.com\/es\/wp-content\/uploads\/2014\/03\/img-commerce-co-llc.jpg\" \/>\n<meta name=\"twitter:card\" content=\"summary_large_image\" \/>\n<meta name=\"twitter:label1\" content=\"Est. reading time\" \/>\n\t<meta name=\"twitter:data1\" content=\"2 minutes\" \/>\n<script type=\"application\/ld+json\" class=\"yoast-schema-graph\">{\"@context\":\"https:\\\/\\\/schema.org\",\"@graph\":[{\"@type\":\"WebPage\",\"@id\":\"http:\\\/\\\/www.imgcommerce.com\\\/es\\\/dollies-usados\\\/\",\"url\":\"http:\\\/\\\/www.imgcommerce.com\\\/es\\\/dollies-usados\\\/\",\"name\":\"Dollies Usados Para La Venta, Dolly usado para Chassis Portacontenedor\",\"isPartOf\":{\"@id\":\"https:\\\/\\\/www.imgcommerce.com\\\/es\\\/#website\"},\"primaryImageOfPage\":{\"@id\":\"http:\\\/\\\/www.imgcommerce.com\\\/es\\\/dollies-usados\\\/#primaryimage\"},\"image\":{\"@id\":\"http:\\\/\\\/www.imgcommerce.com\\\/es\\\/dollies-usados\\\/#primaryimage\"},\"thumbnailUrl\":\"http:\\\/\\\/www.imgcommerce.com\\\/es\\\/wp-content\\\/uploads\\\/2014\\\/03\\\/img-commerce-co-llc.jpg\",\"datePublished\":\"2014-03-08T19:40:57+00:00\",\"dateModified\":\"2014-03-16T16:24:03+00:00\",\"description\":\"Dollies Usados Para La Venta - IMG International Commerce Co vende Dollys remolques usados en excelentes condiciones con suspensi\u00f3n mec\u00e1nica o neum\u00e1tica.\",\"breadcrumb\":{\"@id\":\"http:\\\/\\\/www.imgcommerce.com\\\/es\\\/dollies-usados\\\/#breadcrumb\"},\"inLanguage\":\"en-US\",\"potentialAction\":[{\"@type\":\"ReadAction\",\"target\":[\"http:\\\/\\\/www.imgcommerce.com\\\/es\\\/dollies-usados\\\/\"]}]},{\"@type\":\"ImageObject\",\"inLanguage\":\"en-US\",\"@id\":\"http:\\\/\\\/www.imgcommerce.com\\\/es\\\/dollies-usados\\\/#primaryimage\",\"url\":\"http:\\\/\\\/www.imgcommerce.com\\\/es\\\/wp-content\\\/uploads\\\/2014\\\/03\\\/img-commerce-co-llc.jpg\",\"contentUrl\":\"http:\\\/\\\/www.imgcommerce.com\\\/es\\\/wp-content\\\/uploads\\\/2014\\\/03\\\/img-commerce-co-llc.jpg\",\"width\":202,\"height\":188},{\"@type\":\"BreadcrumbList\",\"@id\":\"http:\\\/\\\/www.imgcommerce.com\\\/es\\\/dollies-usados\\\/#breadcrumb\",\"itemListElement\":[{\"@type\":\"ListItem\",\"position\":1,\"name\":\"Home\",\"item\":\"https:\\\/\\\/www.imgcommerce.com\\\/es\\\/\"},{\"@type\":\"ListItem\",\"position\":2,\"name\":\"Dollies Usados\"}]},{\"@type\":\"WebSite\",\"@id\":\"https:\\\/\\\/www.imgcommerce.com\\\/es\\\/#website\",\"url\":\"https:\\\/\\\/www.imgcommerce.com\\\/es\\\/\",\"name\":\"IMG Commerce ESP\",\"description\":\"\",\"potentialAction\":[{\"@type\":\"SearchAction\",\"target\":{\"@type\":\"EntryPoint\",\"urlTemplate\":\"https:\\\/\\\/www.imgcommerce.com\\\/es\\\/?s={search_term_string}\"},\"query-input\":{\"@type\":\"PropertyValueSpecification\",\"valueRequired\":true,\"valueName\":\"search_term_string\"}}],\"inLanguage\":\"en-US\"}]}<\/script>\n<!-- \/ Yoast SEO plugin. -->","yoast_head_json":{"title":"Dollies Usados Para La Venta, Dolly usado para Chassis Portacontenedor","description":"Dollies Usados Para La Venta - IMG International Commerce Co vende Dollys remolques usados en excelentes condiciones con suspensi\u00f3n mec\u00e1nica o neum\u00e1tica.","robots":{"index":"index","follow":"follow","max-snippet":"max-snippet:-1","max-image-preview":"max-image-preview:large","max-video-preview":"max-video-preview:-1"},"canonical":"http:\/\/www.imgcommerce.com\/es\/dollies-usados\/","og_locale":"en_US","og_type":"article","og_title":"Dollies Usados Para La Venta, Dolly usado para Chassis Portacontenedor","og_description":"Dollies Usados Para La Venta - IMG International Commerce Co vende Dollys remolques usados en excelentes condiciones con suspensi\u00f3n mec\u00e1nica o neum\u00e1tica.","og_url":"http:\/\/www.imgcommerce.com\/es\/dollies-usados\/","og_site_name":"IMG Commerce ESP","article_modified_time":"2014-03-16T16:24:03+00:00","og_image":[{"url":"http:\/\/www.imgcommerce.com\/es\/wp-content\/uploads\/2014\/03\/img-commerce-co-llc.jpg","type":"","width":"","height":""}],"twitter_card":"summary_large_image","twitter_misc":{"Est. reading time":"2 minutes"},"schema":{"@context":"https:\/\/schema.org","@graph":[{"@type":"WebPage","@id":"http:\/\/www.imgcommerce.com\/es\/dollies-usados\/","url":"http:\/\/www.imgcommerce.com\/es\/dollies-usados\/","name":"Dollies Usados Para La Venta, Dolly usado para Chassis Portacontenedor","isPartOf":{"@id":"https:\/\/www.imgcommerce.com\/es\/#website"},"primaryImageOfPage":{"@id":"http:\/\/www.imgcommerce.com\/es\/dollies-usados\/#primaryimage"},"image":{"@id":"http:\/\/www.imgcommerce.com\/es\/dollies-usados\/#primaryimage"},"thumbnailUrl":"http:\/\/www.imgcommerce.com\/es\/wp-content\/uploads\/2014\/03\/img-commerce-co-llc.jpg","datePublished":"2014-03-08T19:40:57+00:00","dateModified":"2014-03-16T16:24:03+00:00","description":"Dollies Usados Para La Venta - IMG International Commerce Co vende Dollys remolques usados en excelentes condiciones con suspensi\u00f3n mec\u00e1nica o neum\u00e1tica.","breadcrumb":{"@id":"http:\/\/www.imgcommerce.com\/es\/dollies-usados\/#breadcrumb"},"inLanguage":"en-US","potentialAction":[{"@type":"ReadAction","target":["http:\/\/www.imgcommerce.com\/es\/dollies-usados\/"]}]},{"@type":"ImageObject","inLanguage":"en-US","@id":"http:\/\/www.imgcommerce.com\/es\/dollies-usados\/#primaryimage","url":"http:\/\/www.imgcommerce.com\/es\/wp-content\/uploads\/2014\/03\/img-commerce-co-llc.jpg","contentUrl":"http:\/\/www.imgcommerce.com\/es\/wp-content\/uploads\/2014\/03\/img-commerce-co-llc.jpg","width":202,"height":188},{"@type":"BreadcrumbList","@id":"http:\/\/www.imgcommerce.com\/es\/dollies-usados\/#breadcrumb","itemListElement":[{"@type":"ListItem","position":1,"name":"Home","item":"https:\/\/www.imgcommerce.com\/es\/"},{"@type":"ListItem","position":2,"name":"Dollies Usados"}]},{"@type":"WebSite","@id":"https:\/\/www.imgcommerce.com\/es\/#website","url":"https:\/\/www.imgcommerce.com\/es\/","name":"IMG Commerce ESP","description":"","potentialAction":[{"@type":"SearchAction","target":{"@type":"EntryPoint","urlTemplate":"https:\/\/www.imgcommerce.com\/es\/?s={search_term_string}"},"query-input":{"@type":"PropertyValueSpecification","valueRequired":true,"valueName":"search_term_string"}}],"inLanguage":"en-US"}]}},"_links":{"self":[{"href":"http:\/\/www.imgcommerce.com\/es\/wp-json\/wp\/v2\/pages\/70","targetHints":{"allow":["GET"]}}],"collection":[{"href":"http:\/\/www.imgcommerce.com\/es\/wp-json\/wp\/v2\/pages"}],"about":[{"href":"http:\/\/www.imgcommerce.com\/es\/wp-json\/wp\/v2\/types\/page"}],"author":[{"embeddable":true,"href":"http:\/\/www.imgcommerce.com\/es\/wp-json\/wp\/v2\/users\/2"}],"replies":[{"embeddable":true,"href":"http:\/\/www.imgcommerce.com\/es\/wp-json\/wp\/v2\/comments?post=70"}],"version-history":[{"count":0,"href":"http:\/\/www.imgcommerce.com\/es\/wp-json\/wp\/v2\/pages\/70\/revisions"}],"wp:attachment":[{"href":"http:\/\/www.imgcommerce.com\/es\/wp-json\/wp\/v2\/media?parent=70"}],"curies":[{"name":"wp","href":"https:\/\/api.w.org\/{rel}","templated":true}]}}